{"id":2203,"date":"2018-10-19T09:08:37","date_gmt":"2018-10-19T09:08:37","guid":{"rendered":"https:\/\/www.cinqueamici.com\/about\/"},"modified":"2023-10-11T12:22:18","modified_gmt":"2023-10-11T12:22:18","slug":"poveste","status":"publish","type":"page","link":"https:\/\/www.cinqueamici.com\/ro\/poveste\/","title":{"rendered":"Poveste"},"content":{"rendered":"<div class=\"wrapper\"><div  class=\"column-section clearfix spaced-big  col-align-center no-anim\"><div  class=\"column one-half   col1 no-anim\" ><img loading=\"lazy\" decoding=\"async\" class=\"lazy\" src=\"data:image\/gif;base64,R0lGODlhAQABAIAAAP\/\/\/wAAACH5BAEAAAAALAAAAAABAAEAAAICRAEAOw==\" alt=\"about-us\" data-src=\"https:\/\/www.cinqueamici.com\/wp-content\/uploads\/2020\/09\/about-us.jpg\" width=\"1400\" height=\"1109\"><\/div><div  class=\"column one-half last-col  col2 no-anim\" >\n<p style=\"text-align: justify;\"><strong>Cinque Amici \u00ee\u0219i are r\u0103d\u0103cinile \u00een frumoasa regiune a T\u00e2rgu Mure\u0219-ului din Transilvania, unde marochin\u0103ria, produc\u021bia de accesorii din piele lucrate manual, a fost pre\u021buit\u0103 \u0219i transmis\u0103 din genera\u021bie \u00een genera\u021bie.<\/strong><\/p>\n<p style=\"text-align: justify;\"><strong>Fondatorii, Szili \u0219i Reka, pe l\u00e2ng\u0103 carierele lor profesionale, au ales s\u0103-\u0219i urmeze pasiunea de a crea m\u0103nu\u0219i din piele de cea mai \u00eenalt\u0103 calitate. Motiva\u021bia lor dep\u0103\u0219e\u0219te ideea de a crea doar produse &#8211; vizeaz\u0103 \u0219i oamenii care le creeaz\u0103, pove\u0219tile \u0219i priceperea acestora. Numele, creat din dragoste, apreciere \u0219i omagiu, Cinque Amici a fost conceput pentru a aduce \u00eempreun\u0103 cele 5 personaje esen\u021biale, f\u0103r\u0103 de care nicio m\u0103nu\u0219\u0103 nu poate fi realizat\u0103: designerul, t\u0103b\u0103carul, croitorul, decoratorul \u0219i cus\u0103toreasa. &#8222;Amici&#8221; semnific\u0103 rela\u021bie, prietenie \u0219i dragoste &#8211; dragoste at\u00e2t pentru ceilal\u021bi, c\u00e2t \u0219i pentru meseria lor.<\/strong><\/p>\n<p style=\"text-align: justify;\"><strong>Dorim ca fiecare client s\u0103 se simt\u0103 special c\u00e2nd poart\u0103 m\u0103nu\u0219ile Cinque Amici. Prin metodele \u0219i tehnicile noastre de crea\u021bie, fiecare pereche de m\u0103nu\u0219i este unic\u0103, la fel ca \u0219i persoana care o va purta,&#8221; explic\u0103 fondatorii Szili \u0219i Reka. Acest principiu ne permite s\u0103 cre\u0103m m\u0103nu\u0219i din piele moderne, cu rafinament, care inspir\u0103 confort \u0219i \u00eencredere c\u00e2nd sunt purtate. Fiecare pereche de m\u0103nu\u0219i este g\u00e2ndit\u0103 \u00een mod special pentru dumneavoastr\u0103, iar numele modelelor sunt alese inspir\u00e2ndu-ne din numele copiilor prietenilor no\u0219tri. Pentru noi, prietenia \u0219i sprijinul prietenilor constituie o surs\u0103 inestimabil\u0103 de inspira\u021bie \u0219i energie \u00een activitatea noastr\u0103.<\/strong><\/p>\n<\/div><\/div><\/div><div class=\"spacer spacer-big \"><\/div>\n","protected":false},"excerpt":{"rendered":"","protected":false},"author":1,"featured_media":0,"parent":0,"menu_order":0,"comment_status":"closed","ping_status":"closed","template":"","meta":{"footnotes":""},"yoast_head":"<!-- This site is optimized with the Yoast SEO plugin v21.8 - https:\/\/yoast.com\/wordpress\/plugins\/seo\/ -->\n<title>Poveste - Cinque Amici<\/title>\n<meta name=\"description\" content=\"Our company was born from an effort to continue the tradition, innovate craft and preserve the knowledge of our ancestors. Find out more about our story.\" \/>\n<meta name=\"robots\" content=\"index, follow, max-snippet:-1, max-image-preview:large, max-video-preview:-1\" \/>\n<link rel=\"canonical\" href=\"https:\/\/www.cinqueamici.com\/ro\/poveste\/\" \/>\n<meta property=\"og:locale\" content=\"ro_RO\" \/>\n<meta property=\"og:type\" content=\"article\" \/>\n<meta property=\"og:title\" content=\"Poveste - Cinque Amici\" \/>\n<meta property=\"og:description\" content=\"Our company was born from an effort to continue the tradition, innovate craft and preserve the knowledge of our ancestors. Find out more about our story.\" \/>\n<meta property=\"og:url\" content=\"https:\/\/www.cinqueamici.com\/ro\/poveste\/\" \/>\n<meta property=\"og:site_name\" content=\"Cinque Amici\" \/>\n<meta property=\"article:modified_time\" content=\"2023-10-11T12:22:18+00:00\" \/>\n<meta name=\"twitter:card\" content=\"summary_large_image\" \/>\n<meta name=\"twitter:label1\" content=\"Timp estimat pentru citire\" \/>\n\t<meta name=\"twitter:data1\" content=\"2 minute\" \/>\n<script type=\"application\/ld+json\" class=\"yoast-schema-graph\">{\"@context\":\"https:\/\/schema.org\",\"@graph\":[{\"@type\":\"WebPage\",\"@id\":\"https:\/\/www.cinqueamici.com\/ro\/poveste\/\",\"url\":\"https:\/\/www.cinqueamici.com\/ro\/poveste\/\",\"name\":\"Poveste - Cinque Amici\",\"isPartOf\":{\"@id\":\"https:\/\/www.cinqueamici.com\/#website\"},\"datePublished\":\"2018-10-19T09:08:37+00:00\",\"dateModified\":\"2023-10-11T12:22:18+00:00\",\"description\":\"Our company was born from an effort to continue the tradition, innovate craft and preserve the knowledge of our ancestors. Find out more about our story.\",\"breadcrumb\":{\"@id\":\"https:\/\/www.cinqueamici.com\/ro\/poveste\/#breadcrumb\"},\"inLanguage\":\"ro-RO\",\"potentialAction\":[{\"@type\":\"ReadAction\",\"target\":[\"https:\/\/www.cinqueamici.com\/ro\/poveste\/\"]}]},{\"@type\":\"BreadcrumbList\",\"@id\":\"https:\/\/www.cinqueamici.com\/ro\/poveste\/#breadcrumb\",\"itemListElement\":[{\"@type\":\"ListItem\",\"position\":1,\"name\":\"Home\",\"item\":\"https:\/\/www.cinqueamici.com\/ro\/\"},{\"@type\":\"ListItem\",\"position\":2,\"name\":\"Poveste\"}]},{\"@type\":\"WebSite\",\"@id\":\"https:\/\/www.cinqueamici.com\/#website\",\"url\":\"https:\/\/www.cinqueamici.com\/\",\"name\":\"Cinque Amici\",\"description\":\"Handcrafted, artisanal leather goods\",\"potentialAction\":[{\"@type\":\"SearchAction\",\"target\":{\"@type\":\"EntryPoint\",\"urlTemplate\":\"https:\/\/www.cinqueamici.com\/?s={search_term_string}\"},\"query-input\":\"required name=search_term_string\"}],\"inLanguage\":\"ro-RO\"}]}<\/script>\n<!-- \/ Yoast SEO plugin. -->","yoast_head_json":{"title":"Poveste - Cinque Amici","description":"Our company was born from an effort to continue the tradition, innovate craft and preserve the knowledge of our ancestors. Find out more about our story.","robots":{"index":"index","follow":"follow","max-snippet":"max-snippet:-1","max-image-preview":"max-image-preview:large","max-video-preview":"max-video-preview:-1"},"canonical":"https:\/\/www.cinqueamici.com\/ro\/poveste\/","og_locale":"ro_RO","og_type":"article","og_title":"Poveste - Cinque Amici","og_description":"Our company was born from an effort to continue the tradition, innovate craft and preserve the knowledge of our ancestors. Find out more about our story.","og_url":"https:\/\/www.cinqueamici.com\/ro\/poveste\/","og_site_name":"Cinque Amici","article_modified_time":"2023-10-11T12:22:18+00:00","twitter_card":"summary_large_image","twitter_misc":{"Timp estimat pentru citire":"2 minute"},"schema":{"@context":"https:\/\/schema.org","@graph":[{"@type":"WebPage","@id":"https:\/\/www.cinqueamici.com\/ro\/poveste\/","url":"https:\/\/www.cinqueamici.com\/ro\/poveste\/","name":"Poveste - Cinque Amici","isPartOf":{"@id":"https:\/\/www.cinqueamici.com\/#website"},"datePublished":"2018-10-19T09:08:37+00:00","dateModified":"2023-10-11T12:22:18+00:00","description":"Our company was born from an effort to continue the tradition, innovate craft and preserve the knowledge of our ancestors. Find out more about our story.","breadcrumb":{"@id":"https:\/\/www.cinqueamici.com\/ro\/poveste\/#breadcrumb"},"inLanguage":"ro-RO","potentialAction":[{"@type":"ReadAction","target":["https:\/\/www.cinqueamici.com\/ro\/poveste\/"]}]},{"@type":"BreadcrumbList","@id":"https:\/\/www.cinqueamici.com\/ro\/poveste\/#breadcrumb","itemListElement":[{"@type":"ListItem","position":1,"name":"Home","item":"https:\/\/www.cinqueamici.com\/ro\/"},{"@type":"ListItem","position":2,"name":"Poveste"}]},{"@type":"WebSite","@id":"https:\/\/www.cinqueamici.com\/#website","url":"https:\/\/www.cinqueamici.com\/","name":"Cinque Amici","description":"Handcrafted, artisanal leather goods","potentialAction":[{"@type":"SearchAction","target":{"@type":"EntryPoint","urlTemplate":"https:\/\/www.cinqueamici.com\/?s={search_term_string}"},"query-input":"required name=search_term_string"}],"inLanguage":"ro-RO"}]}},"_links":{"self":[{"href":"https:\/\/www.cinqueamici.com\/ro\/wp-json\/wp\/v2\/pages\/2203"}],"collection":[{"href":"https:\/\/www.cinqueamici.com\/ro\/wp-json\/wp\/v2\/pages"}],"about":[{"href":"https:\/\/www.cinqueamici.com\/ro\/wp-json\/wp\/v2\/types\/page"}],"author":[{"embeddable":true,"href":"https:\/\/www.cinqueamici.com\/ro\/wp-json\/wp\/v2\/users\/1"}],"replies":[{"embeddable":true,"href":"https:\/\/www.cinqueamici.com\/ro\/wp-json\/wp\/v2\/comments?post=2203"}],"version-history":[{"count":3,"href":"https:\/\/www.cinqueamici.com\/ro\/wp-json\/wp\/v2\/pages\/2203\/revisions"}],"predecessor-version":[{"id":2253,"href":"https:\/\/www.cinqueamici.com\/ro\/wp-json\/wp\/v2\/pages\/2203\/revisions\/2253"}],"wp:attachment":[{"href":"https:\/\/www.cinqueamici.com\/ro\/wp-json\/wp\/v2\/media?parent=2203"}],"curies":[{"name":"wp","href":"https:\/\/api.w.org\/{rel}","templated":true}]}}