{"id":2206,"date":"2020-08-21T12:32:35","date_gmt":"2020-08-21T12:32:35","guid":{"rendered":"https:\/\/www.cinqueamici.com\/craftsmanship\/"},"modified":"2023-10-18T09:51:44","modified_gmt":"2023-10-18T09:51:44","slug":"tradiie","status":"publish","type":"page","link":"https:\/\/www.cinqueamici.com\/ro\/tradiie\/","title":{"rendered":"Tradi\u021bie"},"content":{"rendered":"<div class=\"wrapper\"><div  class=\"column-section clearfix spaced-normal  col-align-center no-anim\"><div  class=\"column one-half   col1 no-anim\" ><img loading=\"lazy\" decoding=\"async\" class=\"lazy\" src=\"data:image\/gif;base64,R0lGODlhAQABAIAAAP\/\/\/wAAACH5BAEAAAAALAAAAAABAAEAAAICRAEAOw==\" alt=\"CINQVE AMICI2953_full\" data-src=\"https:\/\/www.cinqueamici.com\/wp-content\/uploads\/2020\/09\/CINQVE-AMICI2953_full-scaled.jpg\" width=\"2560\" height=\"1711\"><\/div><div  class=\"column one-half last-col  col2 no-anim\" >\n<p style=\"text-align: justify;\"><strong>Cu peste 25 de ani de experien\u021b\u0103 transmis\u0103 din genera\u021bie \u00een genera\u021bie, demonstr\u0103m c\u0103 secretul conserv\u0103rii metodelor autentice de realizare, const\u0103 \u00een crearea pieselor de mod\u0103t de \u00eenalt\u0103 calitate, bazate pe principii durabile \u0219i menite s\u0103 reziste o via\u021b\u0103 \u00eentreag\u0103.<\/strong><\/p>\n<p style=\"text-align: justify;\"><strong>Plec\u00e2nd de la aceast\u0103 perspectiv\u0103, echipa noastr\u0103 creaz\u0103 manu\u0219i de mod\u0103 unice, care reflect\u0103 experien\u021b\u0103, m\u0103iestrie \u0219i un stil autentic. M\u0103nu\u0219ile Cinque Amici sunt create pentru a fi admirate nu doar \u00een prezent, ci \u0219i de genera\u021biile viitoare.<\/strong><\/p>\n<p><strong>Arta crea\u021biei este un aspect de necontestat care define\u0219te Cinque Amici. \u00cen sensul literal al savoir <\/strong><strong>faire &#8211; experien\u021ba transmis\u0103 este de necontestat, consecvent\u0103 \u0219i crucial\u0103 pentru men\u021binerea luxului ca factor cheie \u00een produc\u021bie. La fel cum fiecare oper\u0103 de art\u0103 realizat\u0103 manual presupune multe etape cruciale \u0219i noi trebuie s\u0103 parcurgem etapele de realizare, la fel de importante fiecare.<\/strong><\/p>\n<\/div><\/div><\/div><div class=\"spacer spacer-big \"><\/div><div class=\"wrapper\"><div  class=\"column-section clearfix spaced-normal  col-align-center no-anim\"><div  class=\"column one-half   col3 no-anim\" >\n<p style=\"text-align: justify;\"><strong>Examin\u0103m cu aten\u021bie fiecare bucat\u0103 de piele \u00eenainte de a \u00eencepe produc\u021bia pentru a selecta doar cele mai bune materiale. Acest proces este realizat de exper\u021bi pentru a ne asigura c\u0103 fiecare pereche de m\u0103nu\u0219i va fi impecabil\u0103. Pe m\u0103sur\u0103 ce pielea se \u00eentinde natural, o \u00eentindem strategic pentru a se potrivi perfect, asigur\u00e2nd astfel o durabilitate maxim\u0103 \u0219i confort optim.<\/strong><\/p>\n<p style=\"text-align: justify;\"><strong>M\u0103surarea \u0219i t\u0103ierea determin\u0103 configura\u021bia final\u0103, marginile netede sunt stabilite \u0219i t\u0103iate pentru cele mai corecte propor\u021bii, astfel \u00eenc\u00e2t cus\u0103toreasa s\u0103 le poat\u0103 uni \u0219i potrivi perfect. Finaliz\u0103m cu presarea \u0219i c\u0103lcarea m\u0103nu\u0219ilor pentru a ob\u021bine un rezultat impecabil.<\/strong><\/p>\n<p><strong>Prin eforturile constante de a contribui la economia circular\u0103 a modei, Cinque Amici \u00ee\u0219i propune un scop simplu: s\u0103 creeze o colec\u021bie de produse din piele de \u00eenalt\u0103 calitate, bine proiectate cu o durat\u0103 de via\u021b\u0103 \u00eendelungat\u0103. Alegerea este evident\u0103: piele de calitate care ajut\u0103 la \u00eencetinirea ritmului rapid al modei \u0219i la reducerea de\u0219eurilor.<\/strong><\/p>\n<\/div><div  class=\"column one-half last-col  col4 no-anim\" ><img loading=\"lazy\" decoding=\"async\" class=\"lazy\" src=\"data:image\/gif;base64,R0lGODlhAQABAIAAAP\/\/\/wAAACH5BAEAAAAALAAAAAABAAEAAAICRAEAOw==\" alt=\"cinqueamici-craftmanship-bot\" data-src=\"https:\/\/www.cinqueamici.com\/wp-content\/uploads\/2020\/09\/cinqueamici-craftmanship-bot.jpg\" width=\"1920\" height=\"1280\"><\/div><\/div><\/div>\n","protected":false},"excerpt":{"rendered":"","protected":false},"author":1,"featured_media":0,"parent":0,"menu_order":0,"comment_status":"closed","ping_status":"closed","template":"","meta":{"footnotes":""},"yoast_head":"<!-- This site is optimized with the Yoast SEO plugin v21.8 - https:\/\/yoast.com\/wordpress\/plugins\/seo\/ -->\n<title>Tradi\u021bie - Cinque Amici<\/title>\n<meta name=\"description\" content=\"Craftsmanship is one of the greatest values of our company. We invite you to learn about the way we provide quality handmade products for our customers.\" \/>\n<meta name=\"robots\" content=\"index, follow, max-snippet:-1, max-image-preview:large, max-video-preview:-1\" \/>\n<link rel=\"canonical\" href=\"https:\/\/www.cinqueamici.com\/ro\/tradiie\/\" \/>\n<meta property=\"og:locale\" content=\"ro_RO\" \/>\n<meta property=\"og:type\" content=\"article\" \/>\n<meta property=\"og:title\" content=\"Tradi\u021bie - Cinque Amici\" \/>\n<meta property=\"og:description\" content=\"Craftsmanship is one of the greatest values of our company. We invite you to learn about the way we provide quality handmade products for our customers.\" \/>\n<meta property=\"og:url\" content=\"https:\/\/www.cinqueamici.com\/ro\/tradiie\/\" \/>\n<meta property=\"og:site_name\" content=\"Cinque Amici\" \/>\n<meta property=\"article:modified_time\" content=\"2023-10-18T09:51:44+00:00\" \/>\n<meta name=\"twitter:card\" content=\"summary_large_image\" \/>\n<meta name=\"twitter:label1\" content=\"Timp estimat pentru citire\" \/>\n\t<meta name=\"twitter:data1\" content=\"2 minute\" \/>\n<script type=\"application\/ld+json\" class=\"yoast-schema-graph\">{\"@context\":\"https:\/\/schema.org\",\"@graph\":[{\"@type\":\"WebPage\",\"@id\":\"https:\/\/www.cinqueamici.com\/ro\/tradiie\/\",\"url\":\"https:\/\/www.cinqueamici.com\/ro\/tradiie\/\",\"name\":\"Tradi\u021bie - Cinque Amici\",\"isPartOf\":{\"@id\":\"https:\/\/www.cinqueamici.com\/#website\"},\"datePublished\":\"2020-08-21T12:32:35+00:00\",\"dateModified\":\"2023-10-18T09:51:44+00:00\",\"description\":\"Craftsmanship is one of the greatest values of our company. We invite you to learn about the way we provide quality handmade products for our customers.\",\"breadcrumb\":{\"@id\":\"https:\/\/www.cinqueamici.com\/ro\/tradiie\/#breadcrumb\"},\"inLanguage\":\"ro-RO\",\"potentialAction\":[{\"@type\":\"ReadAction\",\"target\":[\"https:\/\/www.cinqueamici.com\/ro\/tradiie\/\"]}]},{\"@type\":\"BreadcrumbList\",\"@id\":\"https:\/\/www.cinqueamici.com\/ro\/tradiie\/#breadcrumb\",\"itemListElement\":[{\"@type\":\"ListItem\",\"position\":1,\"name\":\"Home\",\"item\":\"https:\/\/www.cinqueamici.com\/ro\/\"},{\"@type\":\"ListItem\",\"position\":2,\"name\":\"Tradi\u021bie\"}]},{\"@type\":\"WebSite\",\"@id\":\"https:\/\/www.cinqueamici.com\/#website\",\"url\":\"https:\/\/www.cinqueamici.com\/\",\"name\":\"Cinque Amici\",\"description\":\"Handcrafted, artisanal leather goods\",\"potentialAction\":[{\"@type\":\"SearchAction\",\"target\":{\"@type\":\"EntryPoint\",\"urlTemplate\":\"https:\/\/www.cinqueamici.com\/?s={search_term_string}\"},\"query-input\":\"required name=search_term_string\"}],\"inLanguage\":\"ro-RO\"}]}<\/script>\n<!-- \/ Yoast SEO plugin. -->","yoast_head_json":{"title":"Tradi\u021bie - Cinque Amici","description":"Craftsmanship is one of the greatest values of our company. We invite you to learn about the way we provide quality handmade products for our customers.","robots":{"index":"index","follow":"follow","max-snippet":"max-snippet:-1","max-image-preview":"max-image-preview:large","max-video-preview":"max-video-preview:-1"},"canonical":"https:\/\/www.cinqueamici.com\/ro\/tradiie\/","og_locale":"ro_RO","og_type":"article","og_title":"Tradi\u021bie - Cinque Amici","og_description":"Craftsmanship is one of the greatest values of our company. We invite you to learn about the way we provide quality handmade products for our customers.","og_url":"https:\/\/www.cinqueamici.com\/ro\/tradiie\/","og_site_name":"Cinque Amici","article_modified_time":"2023-10-18T09:51:44+00:00","twitter_card":"summary_large_image","twitter_misc":{"Timp estimat pentru citire":"2 minute"},"schema":{"@context":"https:\/\/schema.org","@graph":[{"@type":"WebPage","@id":"https:\/\/www.cinqueamici.com\/ro\/tradiie\/","url":"https:\/\/www.cinqueamici.com\/ro\/tradiie\/","name":"Tradi\u021bie - Cinque Amici","isPartOf":{"@id":"https:\/\/www.cinqueamici.com\/#website"},"datePublished":"2020-08-21T12:32:35+00:00","dateModified":"2023-10-18T09:51:44+00:00","description":"Craftsmanship is one of the greatest values of our company. We invite you to learn about the way we provide quality handmade products for our customers.","breadcrumb":{"@id":"https:\/\/www.cinqueamici.com\/ro\/tradiie\/#breadcrumb"},"inLanguage":"ro-RO","potentialAction":[{"@type":"ReadAction","target":["https:\/\/www.cinqueamici.com\/ro\/tradiie\/"]}]},{"@type":"BreadcrumbList","@id":"https:\/\/www.cinqueamici.com\/ro\/tradiie\/#breadcrumb","itemListElement":[{"@type":"ListItem","position":1,"name":"Home","item":"https:\/\/www.cinqueamici.com\/ro\/"},{"@type":"ListItem","position":2,"name":"Tradi\u021bie"}]},{"@type":"WebSite","@id":"https:\/\/www.cinqueamici.com\/#website","url":"https:\/\/www.cinqueamici.com\/","name":"Cinque Amici","description":"Handcrafted, artisanal leather goods","potentialAction":[{"@type":"SearchAction","target":{"@type":"EntryPoint","urlTemplate":"https:\/\/www.cinqueamici.com\/?s={search_term_string}"},"query-input":"required name=search_term_string"}],"inLanguage":"ro-RO"}]}},"_links":{"self":[{"href":"https:\/\/www.cinqueamici.com\/ro\/wp-json\/wp\/v2\/pages\/2206"}],"collection":[{"href":"https:\/\/www.cinqueamici.com\/ro\/wp-json\/wp\/v2\/pages"}],"about":[{"href":"https:\/\/www.cinqueamici.com\/ro\/wp-json\/wp\/v2\/types\/page"}],"author":[{"embeddable":true,"href":"https:\/\/www.cinqueamici.com\/ro\/wp-json\/wp\/v2\/users\/1"}],"replies":[{"embeddable":true,"href":"https:\/\/www.cinqueamici.com\/ro\/wp-json\/wp\/v2\/comments?post=2206"}],"version-history":[{"count":3,"href":"https:\/\/www.cinqueamici.com\/ro\/wp-json\/wp\/v2\/pages\/2206\/revisions"}],"predecessor-version":[{"id":2280,"href":"https:\/\/www.cinqueamici.com\/ro\/wp-json\/wp\/v2\/pages\/2206\/revisions\/2280"}],"wp:attachment":[{"href":"https:\/\/www.cinqueamici.com\/ro\/wp-json\/wp\/v2\/media?parent=2206"}],"curies":[{"name":"wp","href":"https:\/\/api.w.org\/{rel}","templated":true}]}}