{"id":2209,"date":"2020-08-21T12:36:41","date_gmt":"2020-08-21T12:36:41","guid":{"rendered":"https:\/\/www.cinqueamici.com\/sustainability\/"},"modified":"2023-10-11T12:26:05","modified_gmt":"2023-10-11T12:26:05","slug":"sustenabilitate","status":"publish","type":"page","link":"https:\/\/www.cinqueamici.com\/ro\/sustenabilitate\/","title":{"rendered":"Sustenabilitate"},"content":{"rendered":"<div class=\"wrapper\"><div  class=\"column-section clearfix spaced-normal  col-align-center no-anim\"><div  class=\"column one-half   col1 no-anim\" ><img loading=\"lazy\" decoding=\"async\" class=\"lazy\" src=\"data:image\/gif;base64,R0lGODlhAQABAIAAAP\/\/\/wAAACH5BAEAAAAALAAAAAABAAEAAAICRAEAOw==\" alt=\"sustainability-1\" data-src=\"https:\/\/www.cinqueamici.com\/wp-content\/uploads\/2020\/09\/sustainability-1.jpg\" width=\"1920\" height=\"1240\"><\/div><div  class=\"column one-half last-col  hasbg col2 no-anim\" style=\"\">\n<p style=\"text-align: justify;\"><strong>Prin eforturile constante de a contribui la economia circular\u0103 a modei, Cinque Amici \u00ee\u0219i propune un scop simplu: s\u0103 creeze o colec\u021bie de produse din piele de \u00eenalt\u0103 calitate, bine proiectate cu o durat\u0103 de via\u021b\u0103 \u00eendelungat\u0103. Alegerea este evident\u0103: piele de calitate care ajut\u0103 la \u00eencetinirea ritmului rapid al modei \u0219i la reducerea de\u0219eurilor.<\/strong><\/p>\n<p style=\"text-align: justify;\"><strong>Noi cre\u0103m un produs \u00een care avem \u00eencredere \u0219i de care suntem m\u00e2ndri. Atunci c\u00e2nd cump\u0103ra\u021bi de la noi, nu achizi\u021biona\u021bi doar o pereche de m\u0103nu\u0219i, ci face\u021bi o investi\u021bie de o via\u021b\u0103, permi\u021b\u00e2ndu-v\u0103 s\u0103 cump\u0103ra\u021bi mai pu\u021bin \u0219i s\u0103 purta\u021bi acest accesoriu special mai mult timp. Ne preocup\u0103 mediul \u00eenconjur\u0103tor, astfel ambalajele noastre sunt realizate exclusiv din carton reciclat. Fiecare decizie pe care o lu\u0103m se bazeaz\u0103 pe practici responsabile din punct de vedere ecologic.<\/strong><\/p>\n<\/div><\/div><\/div><div class=\"spacer spacer-big \"><\/div><div class=\"wrapper\"><div  class=\"column-section clearfix spaced-normal  col-align-center no-anim\"><div  class=\"column one-half   col3 no-anim\" >\n<p style=\"text-align: justify;\"><strong>Noi lu\u0103m decizii prietenoase cu mediul \u00eenc\u0103 de la \u00eenceputul procesului de produc\u021bie. Pentru noi, calitatea este un factor crucial \u00een practicile noastre sustenabile, motiv pentru care folosim exclusiv piele provenit\u0103 de la animale crescute pentru industria alimentar\u0103.<\/strong><\/p>\n<p style=\"text-align: justify;\"><strong>Utilizarea produselor secundare ale altor industrii ne ajut\u0103 s\u0103 reducem consumul excesiv de resurse, ap\u0103 \u0219i s\u0103 evit\u0103m producerea inutil\u0103 de de\u0219euri. Aceast\u0103 alegere ne permite s\u0103 salv\u0103m pielea animalelor de la incinerare, contribuind astfel la reducerea emisiilor d\u0103un\u0103toare la nivel global. Ne preocup\u0103 fiecare etap\u0103, de la cresc\u0103toria animalelor p\u00e2n\u0103 la procesul de livrare: m\u0103nu\u0219ile noastre sunt confec\u021bionate cu aten\u021bie, compasiune \u0219i con\u0219tientizare. Pentru noi, sustenabilitatea reprezint\u0103 un pilon esen\u021bial, un mod de via\u021b\u0103, o abordare \u00een luarea deciziilor \u0219i \u00een gestionarea afacerii \u2013 aspecte de care suntem m\u00e2ndri.<\/strong><\/p>\n<\/div><div  class=\"column one-half last-col  col4 no-anim\" ><img loading=\"lazy\" decoding=\"async\" class=\"lazy\" src=\"data:image\/gif;base64,R0lGODlhAQABAIAAAP\/\/\/wAAACH5BAEAAAAALAAAAAABAAEAAAICRAEAOw==\" alt=\"sustainability-2\" data-src=\"https:\/\/www.cinqueamici.com\/wp-content\/uploads\/2020\/09\/sustainability-2.jpg\" width=\"1920\" height=\"1280\"><\/div><\/div><\/div>\n","protected":false},"excerpt":{"rendered":"","protected":false},"author":1,"featured_media":0,"parent":0,"menu_order":0,"comment_status":"closed","ping_status":"closed","template":"","meta":{"footnotes":""},"yoast_head":"<!-- This site is optimized with the Yoast SEO plugin v21.8 - https:\/\/yoast.com\/wordpress\/plugins\/seo\/ -->\n<title>Sustenabilitate - Cinque Amici<\/title>\n<meta name=\"description\" content=\"Sustainability is very important to us and we strive to provide durable quality products manufactured with environmentally-conscious practices.\" \/>\n<meta name=\"robots\" content=\"index, follow, max-snippet:-1, max-image-preview:large, max-video-preview:-1\" \/>\n<link rel=\"canonical\" href=\"https:\/\/www.cinqueamici.com\/ro\/sustenabilitate\/\" \/>\n<meta property=\"og:locale\" content=\"ro_RO\" \/>\n<meta property=\"og:type\" content=\"article\" \/>\n<meta property=\"og:title\" content=\"Sustenabilitate - Cinque Amici\" \/>\n<meta property=\"og:description\" content=\"Sustainability is very important to us and we strive to provide durable quality products manufactured with environmentally-conscious practices.\" \/>\n<meta property=\"og:url\" content=\"https:\/\/www.cinqueamici.com\/ro\/sustenabilitate\/\" \/>\n<meta property=\"og:site_name\" content=\"Cinque Amici\" \/>\n<meta property=\"article:modified_time\" content=\"2023-10-11T12:26:05+00:00\" \/>\n<meta name=\"twitter:card\" content=\"summary_large_image\" \/>\n<meta name=\"twitter:label1\" content=\"Timp estimat pentru citire\" \/>\n\t<meta name=\"twitter:data1\" content=\"2 minute\" \/>\n<script type=\"application\/ld+json\" class=\"yoast-schema-graph\">{\"@context\":\"https:\/\/schema.org\",\"@graph\":[{\"@type\":\"WebPage\",\"@id\":\"https:\/\/www.cinqueamici.com\/ro\/sustenabilitate\/\",\"url\":\"https:\/\/www.cinqueamici.com\/ro\/sustenabilitate\/\",\"name\":\"Sustenabilitate - Cinque Amici\",\"isPartOf\":{\"@id\":\"https:\/\/www.cinqueamici.com\/#website\"},\"datePublished\":\"2020-08-21T12:36:41+00:00\",\"dateModified\":\"2023-10-11T12:26:05+00:00\",\"description\":\"Sustainability is very important to us and we strive to provide durable quality products manufactured with environmentally-conscious practices.\",\"breadcrumb\":{\"@id\":\"https:\/\/www.cinqueamici.com\/ro\/sustenabilitate\/#breadcrumb\"},\"inLanguage\":\"ro-RO\",\"potentialAction\":[{\"@type\":\"ReadAction\",\"target\":[\"https:\/\/www.cinqueamici.com\/ro\/sustenabilitate\/\"]}]},{\"@type\":\"BreadcrumbList\",\"@id\":\"https:\/\/www.cinqueamici.com\/ro\/sustenabilitate\/#breadcrumb\",\"itemListElement\":[{\"@type\":\"ListItem\",\"position\":1,\"name\":\"Home\",\"item\":\"https:\/\/www.cinqueamici.com\/ro\/\"},{\"@type\":\"ListItem\",\"position\":2,\"name\":\"Sustenabilitate\"}]},{\"@type\":\"WebSite\",\"@id\":\"https:\/\/www.cinqueamici.com\/#website\",\"url\":\"https:\/\/www.cinqueamici.com\/\",\"name\":\"Cinque Amici\",\"description\":\"Handcrafted, artisanal leather goods\",\"potentialAction\":[{\"@type\":\"SearchAction\",\"target\":{\"@type\":\"EntryPoint\",\"urlTemplate\":\"https:\/\/www.cinqueamici.com\/?s={search_term_string}\"},\"query-input\":\"required name=search_term_string\"}],\"inLanguage\":\"ro-RO\"}]}<\/script>\n<!-- \/ Yoast SEO plugin. -->","yoast_head_json":{"title":"Sustenabilitate - Cinque Amici","description":"Sustainability is very important to us and we strive to provide durable quality products manufactured with environmentally-conscious practices.","robots":{"index":"index","follow":"follow","max-snippet":"max-snippet:-1","max-image-preview":"max-image-preview:large","max-video-preview":"max-video-preview:-1"},"canonical":"https:\/\/www.cinqueamici.com\/ro\/sustenabilitate\/","og_locale":"ro_RO","og_type":"article","og_title":"Sustenabilitate - Cinque Amici","og_description":"Sustainability is very important to us and we strive to provide durable quality products manufactured with environmentally-conscious practices.","og_url":"https:\/\/www.cinqueamici.com\/ro\/sustenabilitate\/","og_site_name":"Cinque Amici","article_modified_time":"2023-10-11T12:26:05+00:00","twitter_card":"summary_large_image","twitter_misc":{"Timp estimat pentru citire":"2 minute"},"schema":{"@context":"https:\/\/schema.org","@graph":[{"@type":"WebPage","@id":"https:\/\/www.cinqueamici.com\/ro\/sustenabilitate\/","url":"https:\/\/www.cinqueamici.com\/ro\/sustenabilitate\/","name":"Sustenabilitate - Cinque Amici","isPartOf":{"@id":"https:\/\/www.cinqueamici.com\/#website"},"datePublished":"2020-08-21T12:36:41+00:00","dateModified":"2023-10-11T12:26:05+00:00","description":"Sustainability is very important to us and we strive to provide durable quality products manufactured with environmentally-conscious practices.","breadcrumb":{"@id":"https:\/\/www.cinqueamici.com\/ro\/sustenabilitate\/#breadcrumb"},"inLanguage":"ro-RO","potentialAction":[{"@type":"ReadAction","target":["https:\/\/www.cinqueamici.com\/ro\/sustenabilitate\/"]}]},{"@type":"BreadcrumbList","@id":"https:\/\/www.cinqueamici.com\/ro\/sustenabilitate\/#breadcrumb","itemListElement":[{"@type":"ListItem","position":1,"name":"Home","item":"https:\/\/www.cinqueamici.com\/ro\/"},{"@type":"ListItem","position":2,"name":"Sustenabilitate"}]},{"@type":"WebSite","@id":"https:\/\/www.cinqueamici.com\/#website","url":"https:\/\/www.cinqueamici.com\/","name":"Cinque Amici","description":"Handcrafted, artisanal leather goods","potentialAction":[{"@type":"SearchAction","target":{"@type":"EntryPoint","urlTemplate":"https:\/\/www.cinqueamici.com\/?s={search_term_string}"},"query-input":"required name=search_term_string"}],"inLanguage":"ro-RO"}]}},"_links":{"self":[{"href":"https:\/\/www.cinqueamici.com\/ro\/wp-json\/wp\/v2\/pages\/2209"}],"collection":[{"href":"https:\/\/www.cinqueamici.com\/ro\/wp-json\/wp\/v2\/pages"}],"about":[{"href":"https:\/\/www.cinqueamici.com\/ro\/wp-json\/wp\/v2\/types\/page"}],"author":[{"embeddable":true,"href":"https:\/\/www.cinqueamici.com\/ro\/wp-json\/wp\/v2\/users\/1"}],"replies":[{"embeddable":true,"href":"https:\/\/www.cinqueamici.com\/ro\/wp-json\/wp\/v2\/comments?post=2209"}],"version-history":[{"count":2,"href":"https:\/\/www.cinqueamici.com\/ro\/wp-json\/wp\/v2\/pages\/2209\/revisions"}],"predecessor-version":[{"id":2255,"href":"https:\/\/www.cinqueamici.com\/ro\/wp-json\/wp\/v2\/pages\/2209\/revisions\/2255"}],"wp:attachment":[{"href":"https:\/\/www.cinqueamici.com\/ro\/wp-json\/wp\/v2\/media?parent=2209"}],"curies":[{"name":"wp","href":"https:\/\/api.w.org\/{rel}","templated":true}]}}