{"id":2212,"date":"2020-08-21T12:37:42","date_gmt":"2020-08-21T12:37:42","guid":{"rendered":"https:\/\/www.cinqueamici.com\/your-repairs\/"},"modified":"2023-10-11T12:33:25","modified_gmt":"2023-10-11T12:33:25","slug":"intreinere","status":"publish","type":"page","link":"https:\/\/www.cinqueamici.com\/ro\/intreinere\/","title":{"rendered":"\u00centre\u021binere"},"content":{"rendered":"<div class=\"wrapper\"><div  class=\"column-section clearfix spaced-normal  col-align-center no-anim\"><div  class=\"column one-half   col1 no-anim\" ><img loading=\"lazy\" decoding=\"async\" class=\"lazy\" src=\"data:image\/gif;base64,R0lGODlhAQABAIAAAP\/\/\/wAAACH5BAEAAAAALAAAAAABAAEAAAICRAEAOw==\" alt=\"cinqueamici-repairs\" data-src=\"https:\/\/www.cinqueamici.com\/wp-content\/uploads\/2020\/09\/cinqueamici-repairs.jpg\" width=\"1920\" height=\"1280\"><\/div><div  class=\"column one-half last-col  col2 no-anim\" >\n<p style=\"text-align: justify;\"><strong>Angajamentul nostru fa\u021b\u0103 de excelen\u021b\u0103 nu se opre\u0219te odat\u0103 cu achizi\u021bia Dvs. Dorim s\u0103 v\u0103 ajut\u0103m s\u0103 v\u0103 p\u0103stra\u021bi m\u0103nu\u0219ile Cinqua Amici pentru c\u00e2t mai mult timp posibil, oferindu-v\u0103 un serviciu personalizat de \u00eentre\u021binere.<\/strong><\/p>\n<p style=\"text-align: justify;\"><strong>Dac\u0103 \u00eent\u00e2mpina\u021bi orice problem\u0103, v\u0103 st\u0103m la dispozi\u021bie pentru consultan\u0163\u0103 privind \u00eentre\u021binerea, \u00eenlocuirea unei m\u0103nu\u0219i pierdute \u0219i alte solu\u021bii care pot prelungi durata de via\u021b\u0103 a produsului. Fiecare pereche are un num\u0103r de serie personalizat \u00een interior, ceea ce ne permite s\u0103 identific\u0103m cu u\u0219urin\u021b\u0103 datele de produc\u021bie, f\u0103c\u00e2nd astfel procesul de repara\u0163ie sau \u00eenlocuire eficient<\/strong><\/p>\n<p style=\"text-align: justify;\"><strong>Pentru a v\u0103 men\u021bine m\u0103nu\u0219ile \u00een cea mai bun\u0103 condi\u021bie, urma\u021bi c\u00e2\u021biva pa\u0219i simpli de \u00eengrijire. Depozita\u021bi-le pe o suprafa\u021b\u0103 plan\u0103, de preferat \u00een cutia cadou Cinque Amici. Evita\u021bi contactul direct cu praful \u0219i lumina soarelui pentru a p\u0103stra aspectul ini\u021bial, culoarea \u0219i textura pielii. Evita\u021bi contactul cu substan\u021be pe baz\u0103 de alcool sau ulei, precum cosmeticele, parfumurile sau dezinfectan\u021bii. \u00cen caz de pete de gr\u0103sime, utiliza\u021bi pudr\u0103 de talc pentru a le \u00eendep\u0103rta. De asemenea, evita\u021bi frecarea pielii de suprafe\u021be colorate pentru a preveni eventuale transferuri de culoare \u0219i pentru a v\u0103 men\u021bine m\u0103nu\u0219ile \u00een cea mai bun\u0103 form\u0103.<\/strong><\/p>\n<\/div><\/div><\/div><div class=\"spacer spacer-big \"><\/div>\n","protected":false},"excerpt":{"rendered":"","protected":false},"author":1,"featured_media":0,"parent":0,"menu_order":0,"comment_status":"closed","ping_status":"closed","template":"","meta":{"footnotes":""},"yoast_head":"<!-- This site is optimized with the Yoast SEO plugin v21.8 - https:\/\/yoast.com\/wordpress\/plugins\/seo\/ -->\n<title>\u00centre\u021binere - Cinque Amici<\/title>\n<meta name=\"description\" content=\"We care for our customers just as we do for our products, that is why we provide a personalized repair and replace service in case you experience any problems.\" \/>\n<meta name=\"robots\" content=\"index, follow, max-snippet:-1, max-image-preview:large, max-video-preview:-1\" \/>\n<link rel=\"canonical\" href=\"https:\/\/www.cinqueamici.com\/ro\/intreinere\/\" \/>\n<meta property=\"og:locale\" content=\"ro_RO\" \/>\n<meta property=\"og:type\" content=\"article\" \/>\n<meta property=\"og:title\" content=\"\u00centre\u021binere - Cinque Amici\" \/>\n<meta property=\"og:description\" content=\"We care for our customers just as we do for our products, that is why we provide a personalized repair and replace service in case you experience any problems.\" \/>\n<meta property=\"og:url\" content=\"https:\/\/www.cinqueamici.com\/ro\/intreinere\/\" \/>\n<meta property=\"og:site_name\" content=\"Cinque Amici\" \/>\n<meta property=\"article:modified_time\" content=\"2023-10-11T12:33:25+00:00\" \/>\n<meta name=\"twitter:card\" content=\"summary_large_image\" \/>\n<meta name=\"twitter:label1\" content=\"Timp estimat pentru citire\" \/>\n\t<meta name=\"twitter:data1\" content=\"1 minut\" \/>\n<script type=\"application\/ld+json\" class=\"yoast-schema-graph\">{\"@context\":\"https:\/\/schema.org\",\"@graph\":[{\"@type\":\"WebPage\",\"@id\":\"https:\/\/www.cinqueamici.com\/ro\/intreinere\/\",\"url\":\"https:\/\/www.cinqueamici.com\/ro\/intreinere\/\",\"name\":\"\u00centre\u021binere - Cinque Amici\",\"isPartOf\":{\"@id\":\"https:\/\/www.cinqueamici.com\/#website\"},\"datePublished\":\"2020-08-21T12:37:42+00:00\",\"dateModified\":\"2023-10-11T12:33:25+00:00\",\"description\":\"We care for our customers just as we do for our products, that is why we provide a personalized repair and replace service in case you experience any problems.\",\"breadcrumb\":{\"@id\":\"https:\/\/www.cinqueamici.com\/ro\/intreinere\/#breadcrumb\"},\"inLanguage\":\"ro-RO\",\"potentialAction\":[{\"@type\":\"ReadAction\",\"target\":[\"https:\/\/www.cinqueamici.com\/ro\/intreinere\/\"]}]},{\"@type\":\"BreadcrumbList\",\"@id\":\"https:\/\/www.cinqueamici.com\/ro\/intreinere\/#breadcrumb\",\"itemListElement\":[{\"@type\":\"ListItem\",\"position\":1,\"name\":\"Home\",\"item\":\"https:\/\/www.cinqueamici.com\/ro\/\"},{\"@type\":\"ListItem\",\"position\":2,\"name\":\"\u00centre\u021binere\"}]},{\"@type\":\"WebSite\",\"@id\":\"https:\/\/www.cinqueamici.com\/#website\",\"url\":\"https:\/\/www.cinqueamici.com\/\",\"name\":\"Cinque Amici\",\"description\":\"Handcrafted, artisanal leather goods\",\"potentialAction\":[{\"@type\":\"SearchAction\",\"target\":{\"@type\":\"EntryPoint\",\"urlTemplate\":\"https:\/\/www.cinqueamici.com\/?s={search_term_string}\"},\"query-input\":\"required name=search_term_string\"}],\"inLanguage\":\"ro-RO\"}]}<\/script>\n<!-- \/ Yoast SEO plugin. -->","yoast_head_json":{"title":"\u00centre\u021binere - Cinque Amici","description":"We care for our customers just as we do for our products, that is why we provide a personalized repair and replace service in case you experience any problems.","robots":{"index":"index","follow":"follow","max-snippet":"max-snippet:-1","max-image-preview":"max-image-preview:large","max-video-preview":"max-video-preview:-1"},"canonical":"https:\/\/www.cinqueamici.com\/ro\/intreinere\/","og_locale":"ro_RO","og_type":"article","og_title":"\u00centre\u021binere - Cinque Amici","og_description":"We care for our customers just as we do for our products, that is why we provide a personalized repair and replace service in case you experience any problems.","og_url":"https:\/\/www.cinqueamici.com\/ro\/intreinere\/","og_site_name":"Cinque Amici","article_modified_time":"2023-10-11T12:33:25+00:00","twitter_card":"summary_large_image","twitter_misc":{"Timp estimat pentru citire":"1 minut"},"schema":{"@context":"https:\/\/schema.org","@graph":[{"@type":"WebPage","@id":"https:\/\/www.cinqueamici.com\/ro\/intreinere\/","url":"https:\/\/www.cinqueamici.com\/ro\/intreinere\/","name":"\u00centre\u021binere - Cinque Amici","isPartOf":{"@id":"https:\/\/www.cinqueamici.com\/#website"},"datePublished":"2020-08-21T12:37:42+00:00","dateModified":"2023-10-11T12:33:25+00:00","description":"We care for our customers just as we do for our products, that is why we provide a personalized repair and replace service in case you experience any problems.","breadcrumb":{"@id":"https:\/\/www.cinqueamici.com\/ro\/intreinere\/#breadcrumb"},"inLanguage":"ro-RO","potentialAction":[{"@type":"ReadAction","target":["https:\/\/www.cinqueamici.com\/ro\/intreinere\/"]}]},{"@type":"BreadcrumbList","@id":"https:\/\/www.cinqueamici.com\/ro\/intreinere\/#breadcrumb","itemListElement":[{"@type":"ListItem","position":1,"name":"Home","item":"https:\/\/www.cinqueamici.com\/ro\/"},{"@type":"ListItem","position":2,"name":"\u00centre\u021binere"}]},{"@type":"WebSite","@id":"https:\/\/www.cinqueamici.com\/#website","url":"https:\/\/www.cinqueamici.com\/","name":"Cinque Amici","description":"Handcrafted, artisanal leather goods","potentialAction":[{"@type":"SearchAction","target":{"@type":"EntryPoint","urlTemplate":"https:\/\/www.cinqueamici.com\/?s={search_term_string}"},"query-input":"required name=search_term_string"}],"inLanguage":"ro-RO"}]}},"_links":{"self":[{"href":"https:\/\/www.cinqueamici.com\/ro\/wp-json\/wp\/v2\/pages\/2212"}],"collection":[{"href":"https:\/\/www.cinqueamici.com\/ro\/wp-json\/wp\/v2\/pages"}],"about":[{"href":"https:\/\/www.cinqueamici.com\/ro\/wp-json\/wp\/v2\/types\/page"}],"author":[{"embeddable":true,"href":"https:\/\/www.cinqueamici.com\/ro\/wp-json\/wp\/v2\/users\/1"}],"replies":[{"embeddable":true,"href":"https:\/\/www.cinqueamici.com\/ro\/wp-json\/wp\/v2\/comments?post=2212"}],"version-history":[{"count":2,"href":"https:\/\/www.cinqueamici.com\/ro\/wp-json\/wp\/v2\/pages\/2212\/revisions"}],"predecessor-version":[{"id":2256,"href":"https:\/\/www.cinqueamici.com\/ro\/wp-json\/wp\/v2\/pages\/2212\/revisions\/2256"}],"wp:attachment":[{"href":"https:\/\/www.cinqueamici.com\/ro\/wp-json\/wp\/v2\/media?parent=2212"}],"curies":[{"name":"wp","href":"https:\/\/api.w.org\/{rel}","templated":true}]}}