{"id":2146,"date":"2020-08-22T12:10:41","date_gmt":"2020-08-22T12:10:41","guid":{"rendered":"https:\/\/www.cinqueamici.com\/fara-categorie\/zente\/"},"modified":"2023-11-01T10:33:24","modified_gmt":"2023-11-01T10:33:24","slug":"zente","status":"publish","type":"product","link":"https:\/\/www.cinqueamici.com\/ro\/barbati\/zente\/","title":{"rendered":"Zente"},"content":{"rendered":"<ul>\n<li>Piele natural\u0103 de origine ovin\u0103<\/li>\n<li>Nec\u0103ptu\u0219it<\/li>\n<li>\u00cenchidere cu buton cu caps\u0103<\/li>\n<\/ul>\n","protected":false},"excerpt":{"rendered":"<p>M\u0103nu\u0219ile Zente \u00eembin\u0103 cu m\u0103iestrie elegan\u021ba clasic\u0103 \u0219i luxul contemporan. Confec\u021bionate din piele natural\u0103 atent selec\u021bionat\u0103, aceast\u0103 pereche de m\u0103nu\u0219i eman\u0103 un aer masculin datorit\u0103 detaliilor interesante, cum ar fi decupajele \u00een form\u0103 de diamant. Ele ofer\u0103 versatilitate perfect\u0103 atunci c\u00e2nd conduce\u021bi sau c\u00e2nd le purta\u021bi cu o \u021binut\u0103 casual.<\/p>\n","protected":false},"featured_media":1987,"template":"","meta":[],"product_cat":[124],"product_tag":[],"yoast_head":"<!-- This site is optimized with the Yoast SEO plugin v21.8 - https:\/\/yoast.com\/wordpress\/plugins\/seo\/ -->\n<title>Zente - Cinque Amici<\/title>\n<meta name=\"description\" content=\"Zente este m\u0103nu\u0219a ideal\u0103 de condus pentru b\u0103rba\u021bi, care eman\u0103 o masculinitate elegant\u0103. Aceste m\u0103nu\u0219i versatile nec\u0103ptu\u0219ite cu decupaje pot fi purtate \u0219i \u00eentr-un outfit casual.\" \/>\n<meta name=\"robots\" content=\"index, follow, max-snippet:-1, max-image-preview:large, max-video-preview:-1\" \/>\n<link rel=\"canonical\" href=\"https:\/\/www.cinqueamici.com\/ro\/barbati\/zente\/\" \/>\n<meta property=\"og:locale\" content=\"ro_RO\" \/>\n<meta property=\"og:type\" content=\"article\" \/>\n<meta property=\"og:title\" content=\"Zente - Cinque Amici\" \/>\n<meta property=\"og:description\" content=\"Zente este m\u0103nu\u0219a ideal\u0103 de condus pentru b\u0103rba\u021bi, care eman\u0103 o masculinitate elegant\u0103. Aceste m\u0103nu\u0219i versatile nec\u0103ptu\u0219ite cu decupaje pot fi purtate \u0219i \u00eentr-un outfit casual.\" \/>\n<meta property=\"og:url\" content=\"https:\/\/www.cinqueamici.com\/ro\/barbati\/zente\/\" \/>\n<meta property=\"og:site_name\" content=\"Cinque Amici\" \/>\n<meta property=\"article:modified_time\" content=\"2023-11-01T10:33:24+00:00\" \/>\n<meta property=\"og:image\" content=\"https:\/\/www.cinqueamici.com\/wp-content\/uploads\/2020\/09\/200801_cinque_amici_pack4925_zente_olive.jpg\" \/>\n\t<meta property=\"og:image:width\" content=\"1282\" \/>\n\t<meta property=\"og:image:height\" content=\"1920\" \/>\n\t<meta property=\"og:image:type\" content=\"image\/jpeg\" \/>\n<meta name=\"twitter:card\" content=\"summary_large_image\" \/>\n<script type=\"application\/ld+json\" class=\"yoast-schema-graph\">{\"@context\":\"https:\/\/schema.org\",\"@graph\":[{\"@type\":\"WebPage\",\"@id\":\"https:\/\/www.cinqueamici.com\/ro\/barbati\/zente\/\",\"url\":\"https:\/\/www.cinqueamici.com\/ro\/barbati\/zente\/\",\"name\":\"Zente - Cinque Amici\",\"isPartOf\":{\"@id\":\"https:\/\/www.cinqueamici.com\/#website\"},\"datePublished\":\"2020-08-22T12:10:41+00:00\",\"dateModified\":\"2023-11-01T10:33:24+00:00\",\"description\":\"Zente este m\u0103nu\u0219a ideal\u0103 de condus pentru b\u0103rba\u021bi, care eman\u0103 o masculinitate elegant\u0103. Aceste m\u0103nu\u0219i versatile nec\u0103ptu\u0219ite cu decupaje pot fi purtate \u0219i \u00eentr-un outfit casual.\",\"breadcrumb\":{\"@id\":\"https:\/\/www.cinqueamici.com\/ro\/barbati\/zente\/#breadcrumb\"},\"inLanguage\":\"ro-RO\",\"potentialAction\":[{\"@type\":\"ReadAction\",\"target\":[\"https:\/\/www.cinqueamici.com\/ro\/barbati\/zente\/\"]}]},{\"@type\":\"BreadcrumbList\",\"@id\":\"https:\/\/www.cinqueamici.com\/ro\/barbati\/zente\/#breadcrumb\",\"itemListElement\":[{\"@type\":\"ListItem\",\"position\":1,\"name\":\"Home\",\"item\":\"https:\/\/www.cinqueamici.com\/ro\/\"},{\"@type\":\"ListItem\",\"position\":2,\"name\":\"Magazin\",\"item\":\"https:\/\/www.cinqueamici.com\/ro\/magazin\/\"},{\"@type\":\"ListItem\",\"position\":3,\"name\":\"Zente\"}]},{\"@type\":\"WebSite\",\"@id\":\"https:\/\/www.cinqueamici.com\/#website\",\"url\":\"https:\/\/www.cinqueamici.com\/\",\"name\":\"Cinque Amici\",\"description\":\"Handcrafted, artisanal leather goods\",\"potentialAction\":[{\"@type\":\"SearchAction\",\"target\":{\"@type\":\"EntryPoint\",\"urlTemplate\":\"https:\/\/www.cinqueamici.com\/?s={search_term_string}\"},\"query-input\":\"required name=search_term_string\"}],\"inLanguage\":\"ro-RO\"}]}<\/script>\n<!-- \/ Yoast SEO plugin. -->","yoast_head_json":{"title":"Zente - Cinque Amici","description":"Zente este m\u0103nu\u0219a ideal\u0103 de condus pentru b\u0103rba\u021bi, care eman\u0103 o masculinitate elegant\u0103. Aceste m\u0103nu\u0219i versatile nec\u0103ptu\u0219ite cu decupaje pot fi purtate \u0219i \u00eentr-un outfit casual.","robots":{"index":"index","follow":"follow","max-snippet":"max-snippet:-1","max-image-preview":"max-image-preview:large","max-video-preview":"max-video-preview:-1"},"canonical":"https:\/\/www.cinqueamici.com\/ro\/barbati\/zente\/","og_locale":"ro_RO","og_type":"article","og_title":"Zente - Cinque Amici","og_description":"Zente este m\u0103nu\u0219a ideal\u0103 de condus pentru b\u0103rba\u021bi, care eman\u0103 o masculinitate elegant\u0103. Aceste m\u0103nu\u0219i versatile nec\u0103ptu\u0219ite cu decupaje pot fi purtate \u0219i \u00eentr-un outfit casual.","og_url":"https:\/\/www.cinqueamici.com\/ro\/barbati\/zente\/","og_site_name":"Cinque Amici","article_modified_time":"2023-11-01T10:33:24+00:00","og_image":[{"width":1282,"height":1920,"url":"https:\/\/www.cinqueamici.com\/wp-content\/uploads\/2020\/09\/200801_cinque_amici_pack4925_zente_olive.jpg","type":"image\/jpeg"}],"twitter_card":"summary_large_image","schema":{"@context":"https:\/\/schema.org","@graph":[{"@type":"WebPage","@id":"https:\/\/www.cinqueamici.com\/ro\/barbati\/zente\/","url":"https:\/\/www.cinqueamici.com\/ro\/barbati\/zente\/","name":"Zente - Cinque Amici","isPartOf":{"@id":"https:\/\/www.cinqueamici.com\/#website"},"datePublished":"2020-08-22T12:10:41+00:00","dateModified":"2023-11-01T10:33:24+00:00","description":"Zente este m\u0103nu\u0219a ideal\u0103 de condus pentru b\u0103rba\u021bi, care eman\u0103 o masculinitate elegant\u0103. Aceste m\u0103nu\u0219i versatile nec\u0103ptu\u0219ite cu decupaje pot fi purtate \u0219i \u00eentr-un outfit casual.","breadcrumb":{"@id":"https:\/\/www.cinqueamici.com\/ro\/barbati\/zente\/#breadcrumb"},"inLanguage":"ro-RO","potentialAction":[{"@type":"ReadAction","target":["https:\/\/www.cinqueamici.com\/ro\/barbati\/zente\/"]}]},{"@type":"BreadcrumbList","@id":"https:\/\/www.cinqueamici.com\/ro\/barbati\/zente\/#breadcrumb","itemListElement":[{"@type":"ListItem","position":1,"name":"Home","item":"https:\/\/www.cinqueamici.com\/ro\/"},{"@type":"ListItem","position":2,"name":"Magazin","item":"https:\/\/www.cinqueamici.com\/ro\/magazin\/"},{"@type":"ListItem","position":3,"name":"Zente"}]},{"@type":"WebSite","@id":"https:\/\/www.cinqueamici.com\/#website","url":"https:\/\/www.cinqueamici.com\/","name":"Cinque Amici","description":"Handcrafted, artisanal leather goods","potentialAction":[{"@type":"SearchAction","target":{"@type":"EntryPoint","urlTemplate":"https:\/\/www.cinqueamici.com\/?s={search_term_string}"},"query-input":"required name=search_term_string"}],"inLanguage":"ro-RO"}]}},"_links":{"self":[{"href":"https:\/\/www.cinqueamici.com\/ro\/wp-json\/wp\/v2\/product\/2146"}],"collection":[{"href":"https:\/\/www.cinqueamici.com\/ro\/wp-json\/wp\/v2\/product"}],"about":[{"href":"https:\/\/www.cinqueamici.com\/ro\/wp-json\/wp\/v2\/types\/product"}],"wp:featuredmedia":[{"embeddable":true,"href":"https:\/\/www.cinqueamici.com\/ro\/wp-json\/wp\/v2\/media\/1987"}],"wp:attachment":[{"href":"https:\/\/www.cinqueamici.com\/ro\/wp-json\/wp\/v2\/media?parent=2146"}],"wp:term":[{"taxonomy":"product_cat","embeddable":true,"href":"https:\/\/www.cinqueamici.com\/ro\/wp-json\/wp\/v2\/product_cat?post=2146"},{"taxonomy":"product_tag","embeddable":true,"href":"https:\/\/www.cinqueamici.com\/ro\/wp-json\/wp\/v2\/product_tag?post=2146"}],"curies":[{"name":"wp","href":"https:\/\/api.w.org\/{rel}","templated":true}]}}