{"id":2151,"date":"2020-08-22T12:10:18","date_gmt":"2020-08-22T12:10:18","guid":{"rendered":"https:\/\/www.cinqueamici.com\/fara-categorie\/alexander\/"},"modified":"2024-11-10T19:54:38","modified_gmt":"2024-11-10T19:54:38","slug":"alexander","status":"publish","type":"product","link":"https:\/\/www.cinqueamici.com\/ro\/barbati\/alexander\/","title":{"rendered":"Alexander"},"content":{"rendered":"<p>Piele natural\u0103 de origine ovin\u0103<\/p>\n<p>Nec\u0103ptu\u0219it<\/p>\n<p>\u00cenchidere cu buton caps\u0103<\/p>\n","protected":false},"excerpt":{"rendered":"<p>Simplu, sportiv \u0219i sofisticat &#8211; m\u0103nu\u0219ile din piele Alexander acoper\u0103 toate cele trei atribute cu o aten\u021bie deosebit\u0103 la detalii. M\u0103nu\u0219ile Alexander sunt realizate din cea mai fin\u0103 piele iar cus\u0103turile moi completeaz\u0103 prin detalii din care rezult\u0103 un accesoriu \u00a0elegant \u0219i masculin. Liniile de decupaj curbate din jurul \u00eencheieturilor, perfora\u021biile de-a lungul degetelor, permit versatilitate la volan, asigur\u00e2nd \u00een acela\u0219i timp respirabilitate \u0219i confort.<\/p>\n","protected":false},"featured_media":1925,"template":"","meta":[],"product_cat":[124],"product_tag":[],"yoast_head":"<!-- This site is optimized with the Yoast SEO plugin v21.8 - https:\/\/yoast.com\/wordpress\/plugins\/seo\/ -->\n<title>Alexander - Cinque Amici<\/title>\n<meta name=\"description\" content=\"Simplu, sportiv, dar sofisticat \u0219i subtil elegant. Acesta este Alexander, m\u0103nu\u0219ile noastre versatile pentru b\u0103rba\u021bi cu decupaje \u0219i f\u0103r\u0103 c\u0103ptu\u0219eal\u0103, ideale pentru condus.\" \/>\n<meta name=\"robots\" content=\"index, follow, max-snippet:-1, max-image-preview:large, max-video-preview:-1\" \/>\n<link rel=\"canonical\" href=\"https:\/\/www.cinqueamici.com\/ro\/barbati\/alexander\/\" \/>\n<meta property=\"og:locale\" content=\"ro_RO\" \/>\n<meta property=\"og:type\" content=\"article\" \/>\n<meta property=\"og:title\" content=\"Alexander - Cinque Amici\" \/>\n<meta property=\"og:description\" content=\"Simplu, sportiv, dar sofisticat \u0219i subtil elegant. Acesta este Alexander, m\u0103nu\u0219ile noastre versatile pentru b\u0103rba\u021bi cu decupaje \u0219i f\u0103r\u0103 c\u0103ptu\u0219eal\u0103, ideale pentru condus.\" \/>\n<meta property=\"og:url\" content=\"https:\/\/www.cinqueamici.com\/ro\/barbati\/alexander\/\" \/>\n<meta property=\"og:site_name\" content=\"Cinque Amici\" \/>\n<meta property=\"article:modified_time\" content=\"2024-11-10T19:54:38+00:00\" \/>\n<meta property=\"og:image\" content=\"https:\/\/www.cinqueamici.com\/wp-content\/uploads\/2020\/09\/200801_cinque_amici_pack4973_alexander_pesca.jpg\" \/>\n\t<meta property=\"og:image:width\" content=\"1282\" \/>\n\t<meta property=\"og:image:height\" content=\"1920\" \/>\n\t<meta property=\"og:image:type\" content=\"image\/jpeg\" \/>\n<meta name=\"twitter:card\" content=\"summary_large_image\" \/>\n<script type=\"application\/ld+json\" class=\"yoast-schema-graph\">{\"@context\":\"https:\/\/schema.org\",\"@graph\":[{\"@type\":\"WebPage\",\"@id\":\"https:\/\/www.cinqueamici.com\/ro\/barbati\/alexander\/\",\"url\":\"https:\/\/www.cinqueamici.com\/ro\/barbati\/alexander\/\",\"name\":\"Alexander - Cinque Amici\",\"isPartOf\":{\"@id\":\"https:\/\/www.cinqueamici.com\/#website\"},\"datePublished\":\"2020-08-22T12:10:18+00:00\",\"dateModified\":\"2024-11-10T19:54:38+00:00\",\"description\":\"Simplu, sportiv, dar sofisticat \u0219i subtil elegant. Acesta este Alexander, m\u0103nu\u0219ile noastre versatile pentru b\u0103rba\u021bi cu decupaje \u0219i f\u0103r\u0103 c\u0103ptu\u0219eal\u0103, ideale pentru condus.\",\"breadcrumb\":{\"@id\":\"https:\/\/www.cinqueamici.com\/ro\/barbati\/alexander\/#breadcrumb\"},\"inLanguage\":\"ro-RO\",\"potentialAction\":[{\"@type\":\"ReadAction\",\"target\":[\"https:\/\/www.cinqueamici.com\/ro\/barbati\/alexander\/\"]}]},{\"@type\":\"BreadcrumbList\",\"@id\":\"https:\/\/www.cinqueamici.com\/ro\/barbati\/alexander\/#breadcrumb\",\"itemListElement\":[{\"@type\":\"ListItem\",\"position\":1,\"name\":\"Home\",\"item\":\"https:\/\/www.cinqueamici.com\/ro\/\"},{\"@type\":\"ListItem\",\"position\":2,\"name\":\"Magazin\",\"item\":\"https:\/\/www.cinqueamici.com\/ro\/magazin\/\"},{\"@type\":\"ListItem\",\"position\":3,\"name\":\"Alexander\"}]},{\"@type\":\"WebSite\",\"@id\":\"https:\/\/www.cinqueamici.com\/#website\",\"url\":\"https:\/\/www.cinqueamici.com\/\",\"name\":\"Cinque Amici\",\"description\":\"Handcrafted, artisanal leather goods\",\"potentialAction\":[{\"@type\":\"SearchAction\",\"target\":{\"@type\":\"EntryPoint\",\"urlTemplate\":\"https:\/\/www.cinqueamici.com\/?s={search_term_string}\"},\"query-input\":\"required name=search_term_string\"}],\"inLanguage\":\"ro-RO\"}]}<\/script>\n<!-- \/ Yoast SEO plugin. -->","yoast_head_json":{"title":"Alexander - Cinque Amici","description":"Simplu, sportiv, dar sofisticat \u0219i subtil elegant. Acesta este Alexander, m\u0103nu\u0219ile noastre versatile pentru b\u0103rba\u021bi cu decupaje \u0219i f\u0103r\u0103 c\u0103ptu\u0219eal\u0103, ideale pentru condus.","robots":{"index":"index","follow":"follow","max-snippet":"max-snippet:-1","max-image-preview":"max-image-preview:large","max-video-preview":"max-video-preview:-1"},"canonical":"https:\/\/www.cinqueamici.com\/ro\/barbati\/alexander\/","og_locale":"ro_RO","og_type":"article","og_title":"Alexander - Cinque Amici","og_description":"Simplu, sportiv, dar sofisticat \u0219i subtil elegant. Acesta este Alexander, m\u0103nu\u0219ile noastre versatile pentru b\u0103rba\u021bi cu decupaje \u0219i f\u0103r\u0103 c\u0103ptu\u0219eal\u0103, ideale pentru condus.","og_url":"https:\/\/www.cinqueamici.com\/ro\/barbati\/alexander\/","og_site_name":"Cinque Amici","article_modified_time":"2024-11-10T19:54:38+00:00","og_image":[{"width":1282,"height":1920,"url":"https:\/\/www.cinqueamici.com\/wp-content\/uploads\/2020\/09\/200801_cinque_amici_pack4973_alexander_pesca.jpg","type":"image\/jpeg"}],"twitter_card":"summary_large_image","schema":{"@context":"https:\/\/schema.org","@graph":[{"@type":"WebPage","@id":"https:\/\/www.cinqueamici.com\/ro\/barbati\/alexander\/","url":"https:\/\/www.cinqueamici.com\/ro\/barbati\/alexander\/","name":"Alexander - Cinque Amici","isPartOf":{"@id":"https:\/\/www.cinqueamici.com\/#website"},"datePublished":"2020-08-22T12:10:18+00:00","dateModified":"2024-11-10T19:54:38+00:00","description":"Simplu, sportiv, dar sofisticat \u0219i subtil elegant. Acesta este Alexander, m\u0103nu\u0219ile noastre versatile pentru b\u0103rba\u021bi cu decupaje \u0219i f\u0103r\u0103 c\u0103ptu\u0219eal\u0103, ideale pentru condus.","breadcrumb":{"@id":"https:\/\/www.cinqueamici.com\/ro\/barbati\/alexander\/#breadcrumb"},"inLanguage":"ro-RO","potentialAction":[{"@type":"ReadAction","target":["https:\/\/www.cinqueamici.com\/ro\/barbati\/alexander\/"]}]},{"@type":"BreadcrumbList","@id":"https:\/\/www.cinqueamici.com\/ro\/barbati\/alexander\/#breadcrumb","itemListElement":[{"@type":"ListItem","position":1,"name":"Home","item":"https:\/\/www.cinqueamici.com\/ro\/"},{"@type":"ListItem","position":2,"name":"Magazin","item":"https:\/\/www.cinqueamici.com\/ro\/magazin\/"},{"@type":"ListItem","position":3,"name":"Alexander"}]},{"@type":"WebSite","@id":"https:\/\/www.cinqueamici.com\/#website","url":"https:\/\/www.cinqueamici.com\/","name":"Cinque Amici","description":"Handcrafted, artisanal leather goods","potentialAction":[{"@type":"SearchAction","target":{"@type":"EntryPoint","urlTemplate":"https:\/\/www.cinqueamici.com\/?s={search_term_string}"},"query-input":"required name=search_term_string"}],"inLanguage":"ro-RO"}]}},"_links":{"self":[{"href":"https:\/\/www.cinqueamici.com\/ro\/wp-json\/wp\/v2\/product\/2151"}],"collection":[{"href":"https:\/\/www.cinqueamici.com\/ro\/wp-json\/wp\/v2\/product"}],"about":[{"href":"https:\/\/www.cinqueamici.com\/ro\/wp-json\/wp\/v2\/types\/product"}],"wp:featuredmedia":[{"embeddable":true,"href":"https:\/\/www.cinqueamici.com\/ro\/wp-json\/wp\/v2\/media\/1925"}],"wp:attachment":[{"href":"https:\/\/www.cinqueamici.com\/ro\/wp-json\/wp\/v2\/media?parent=2151"}],"wp:term":[{"taxonomy":"product_cat","embeddable":true,"href":"https:\/\/www.cinqueamici.com\/ro\/wp-json\/wp\/v2\/product_cat?post=2151"},{"taxonomy":"product_tag","embeddable":true,"href":"https:\/\/www.cinqueamici.com\/ro\/wp-json\/wp\/v2\/product_tag?post=2151"}],"curies":[{"name":"wp","href":"https:\/\/api.w.org\/{rel}","templated":true}]}}