{"id":2157,"date":"2020-08-22T12:09:27","date_gmt":"2020-08-22T12:09:27","guid":{"rendered":"https:\/\/www.cinqueamici.com\/fara-categorie\/marcell\/"},"modified":"2025-09-04T10:49:51","modified_gmt":"2025-09-04T10:49:51","slug":"marcell","status":"publish","type":"product","link":"https:\/\/www.cinqueamici.com\/ro\/barbati\/marcell\/","title":{"rendered":"Marcell"},"content":{"rendered":"<ul>\n<li>Piele natural\u0103 de origine ovin\u0103<\/li>\n<li>C\u0103ptu\u0219eal\u0103 moale din ca\u0219mir<\/li>\n<li>\u00cenchidere cu buton cu caps\u0103<\/li>\n<\/ul>\n","protected":false},"excerpt":{"rendered":"<p>Elegan\u021b\u0103 rafinat\u0103 \u0219i modern\u0103- m\u0103nu\u0219ile Marcell sunt create din piele natural\u0103 \u0219i c\u0103ptu\u0219eal\u0103 din ca\u0219mir. Aceast\u0103 pereche de m\u0103nu\u0219i robust\u0103, croit\u0103 atent , ofer\u0103 o not\u0103 masculin\u0103 puternic\u0103. Caracteristicile func\u021bionale ale acestui model, precum bareta de la nivelul \u00eencheieturii aduc un plus de confort \u0219i potrivire perfect\u0103.<\/p>\n","protected":false},"featured_media":2014,"template":"","meta":[],"product_cat":[124],"product_tag":[],"yoast_head":"<!-- This site is optimized with the Yoast SEO plugin v21.8 - https:\/\/yoast.com\/wordpress\/plugins\/seo\/ -->\n<title>Marcell - Cinque Amici<\/title>\n<meta name=\"description\" content=\"Simplu, modern \u0219i elegant. A\u0219a descriem Marcell, una dintre m\u0103nu\u0219ile noastre preferate pentru b\u0103rba\u021bi cu c\u0103ptu\u0219eal\u0103 din ca\u0219mir.\" \/>\n<meta name=\"robots\" content=\"index, follow, max-snippet:-1, max-image-preview:large, max-video-preview:-1\" \/>\n<link rel=\"canonical\" href=\"https:\/\/www.cinqueamici.com\/ro\/barbati\/marcell\/\" \/>\n<meta property=\"og:locale\" content=\"ro_RO\" \/>\n<meta property=\"og:type\" content=\"article\" \/>\n<meta property=\"og:title\" content=\"Marcell - Cinque Amici\" \/>\n<meta property=\"og:description\" content=\"Simplu, modern \u0219i elegant. A\u0219a descriem Marcell, una dintre m\u0103nu\u0219ile noastre preferate pentru b\u0103rba\u021bi cu c\u0103ptu\u0219eal\u0103 din ca\u0219mir.\" \/>\n<meta property=\"og:url\" content=\"https:\/\/www.cinqueamici.com\/ro\/barbati\/marcell\/\" \/>\n<meta property=\"og:site_name\" content=\"Cinque Amici\" \/>\n<meta property=\"article:modified_time\" content=\"2025-09-04T10:49:51+00:00\" \/>\n<meta property=\"og:image\" content=\"https:\/\/www.cinqueamici.com\/wp-content\/uploads\/2020\/08\/4888_marcell_saddle-brown.jpg\" \/>\n\t<meta property=\"og:image:width\" content=\"1335\" \/>\n\t<meta property=\"og:image:height\" content=\"2000\" \/>\n\t<meta property=\"og:image:type\" content=\"image\/jpeg\" \/>\n<meta name=\"twitter:card\" content=\"summary_large_image\" \/>\n<script type=\"application\/ld+json\" class=\"yoast-schema-graph\">{\"@context\":\"https:\/\/schema.org\",\"@graph\":[{\"@type\":\"WebPage\",\"@id\":\"https:\/\/www.cinqueamici.com\/ro\/barbati\/marcell\/\",\"url\":\"https:\/\/www.cinqueamici.com\/ro\/barbati\/marcell\/\",\"name\":\"Marcell - Cinque Amici\",\"isPartOf\":{\"@id\":\"https:\/\/www.cinqueamici.com\/#website\"},\"datePublished\":\"2020-08-22T12:09:27+00:00\",\"dateModified\":\"2025-09-04T10:49:51+00:00\",\"description\":\"Simplu, modern \u0219i elegant. A\u0219a descriem Marcell, una dintre m\u0103nu\u0219ile noastre preferate pentru b\u0103rba\u021bi cu c\u0103ptu\u0219eal\u0103 din ca\u0219mir.\",\"breadcrumb\":{\"@id\":\"https:\/\/www.cinqueamici.com\/ro\/barbati\/marcell\/#breadcrumb\"},\"inLanguage\":\"ro-RO\",\"potentialAction\":[{\"@type\":\"ReadAction\",\"target\":[\"https:\/\/www.cinqueamici.com\/ro\/barbati\/marcell\/\"]}]},{\"@type\":\"BreadcrumbList\",\"@id\":\"https:\/\/www.cinqueamici.com\/ro\/barbati\/marcell\/#breadcrumb\",\"itemListElement\":[{\"@type\":\"ListItem\",\"position\":1,\"name\":\"Home\",\"item\":\"https:\/\/www.cinqueamici.com\/ro\/\"},{\"@type\":\"ListItem\",\"position\":2,\"name\":\"Magazin\",\"item\":\"https:\/\/www.cinqueamici.com\/ro\/magazin\/\"},{\"@type\":\"ListItem\",\"position\":3,\"name\":\"Marcell\"}]},{\"@type\":\"WebSite\",\"@id\":\"https:\/\/www.cinqueamici.com\/#website\",\"url\":\"https:\/\/www.cinqueamici.com\/\",\"name\":\"Cinque Amici\",\"description\":\"Handcrafted, artisanal leather goods\",\"potentialAction\":[{\"@type\":\"SearchAction\",\"target\":{\"@type\":\"EntryPoint\",\"urlTemplate\":\"https:\/\/www.cinqueamici.com\/?s={search_term_string}\"},\"query-input\":\"required name=search_term_string\"}],\"inLanguage\":\"ro-RO\"}]}<\/script>\n<!-- \/ Yoast SEO plugin. -->","yoast_head_json":{"title":"Marcell - Cinque Amici","description":"Simplu, modern \u0219i elegant. A\u0219a descriem Marcell, una dintre m\u0103nu\u0219ile noastre preferate pentru b\u0103rba\u021bi cu c\u0103ptu\u0219eal\u0103 din ca\u0219mir.","robots":{"index":"index","follow":"follow","max-snippet":"max-snippet:-1","max-image-preview":"max-image-preview:large","max-video-preview":"max-video-preview:-1"},"canonical":"https:\/\/www.cinqueamici.com\/ro\/barbati\/marcell\/","og_locale":"ro_RO","og_type":"article","og_title":"Marcell - Cinque Amici","og_description":"Simplu, modern \u0219i elegant. A\u0219a descriem Marcell, una dintre m\u0103nu\u0219ile noastre preferate pentru b\u0103rba\u021bi cu c\u0103ptu\u0219eal\u0103 din ca\u0219mir.","og_url":"https:\/\/www.cinqueamici.com\/ro\/barbati\/marcell\/","og_site_name":"Cinque Amici","article_modified_time":"2025-09-04T10:49:51+00:00","og_image":[{"width":1335,"height":2000,"url":"https:\/\/www.cinqueamici.com\/wp-content\/uploads\/2020\/08\/4888_marcell_saddle-brown.jpg","type":"image\/jpeg"}],"twitter_card":"summary_large_image","schema":{"@context":"https:\/\/schema.org","@graph":[{"@type":"WebPage","@id":"https:\/\/www.cinqueamici.com\/ro\/barbati\/marcell\/","url":"https:\/\/www.cinqueamici.com\/ro\/barbati\/marcell\/","name":"Marcell - Cinque Amici","isPartOf":{"@id":"https:\/\/www.cinqueamici.com\/#website"},"datePublished":"2020-08-22T12:09:27+00:00","dateModified":"2025-09-04T10:49:51+00:00","description":"Simplu, modern \u0219i elegant. A\u0219a descriem Marcell, una dintre m\u0103nu\u0219ile noastre preferate pentru b\u0103rba\u021bi cu c\u0103ptu\u0219eal\u0103 din ca\u0219mir.","breadcrumb":{"@id":"https:\/\/www.cinqueamici.com\/ro\/barbati\/marcell\/#breadcrumb"},"inLanguage":"ro-RO","potentialAction":[{"@type":"ReadAction","target":["https:\/\/www.cinqueamici.com\/ro\/barbati\/marcell\/"]}]},{"@type":"BreadcrumbList","@id":"https:\/\/www.cinqueamici.com\/ro\/barbati\/marcell\/#breadcrumb","itemListElement":[{"@type":"ListItem","position":1,"name":"Home","item":"https:\/\/www.cinqueamici.com\/ro\/"},{"@type":"ListItem","position":2,"name":"Magazin","item":"https:\/\/www.cinqueamici.com\/ro\/magazin\/"},{"@type":"ListItem","position":3,"name":"Marcell"}]},{"@type":"WebSite","@id":"https:\/\/www.cinqueamici.com\/#website","url":"https:\/\/www.cinqueamici.com\/","name":"Cinque Amici","description":"Handcrafted, artisanal leather goods","potentialAction":[{"@type":"SearchAction","target":{"@type":"EntryPoint","urlTemplate":"https:\/\/www.cinqueamici.com\/?s={search_term_string}"},"query-input":"required name=search_term_string"}],"inLanguage":"ro-RO"}]}},"_links":{"self":[{"href":"https:\/\/www.cinqueamici.com\/ro\/wp-json\/wp\/v2\/product\/2157"}],"collection":[{"href":"https:\/\/www.cinqueamici.com\/ro\/wp-json\/wp\/v2\/product"}],"about":[{"href":"https:\/\/www.cinqueamici.com\/ro\/wp-json\/wp\/v2\/types\/product"}],"wp:featuredmedia":[{"embeddable":true,"href":"https:\/\/www.cinqueamici.com\/ro\/wp-json\/wp\/v2\/media\/2014"}],"wp:attachment":[{"href":"https:\/\/www.cinqueamici.com\/ro\/wp-json\/wp\/v2\/media?parent=2157"}],"wp:term":[{"taxonomy":"product_cat","embeddable":true,"href":"https:\/\/www.cinqueamici.com\/ro\/wp-json\/wp\/v2\/product_cat?post=2157"},{"taxonomy":"product_tag","embeddable":true,"href":"https:\/\/www.cinqueamici.com\/ro\/wp-json\/wp\/v2\/product_tag?post=2157"}],"curies":[{"name":"wp","href":"https:\/\/api.w.org\/{rel}","templated":true}]}}