{"id":2163,"date":"2020-08-22T12:09:51","date_gmt":"2020-08-22T12:09:51","guid":{"rendered":"https:\/\/www.cinqueamici.com\/fara-categorie\/andrew\/"},"modified":"2023-11-01T10:34:33","modified_gmt":"2023-11-01T10:34:33","slug":"andrew","status":"publish","type":"product","link":"https:\/\/www.cinqueamici.com\/ro\/barbati\/andrew\/","title":{"rendered":"Andrew"},"content":{"rendered":"<ul>\n<li>Piele natural\u0103 de origine ovin\u0103<\/li>\n<li>C\u0103ptu\u0219eal\u0103 moale din ca\u0219mir<\/li>\n<\/ul>\n","protected":false},"excerpt":{"rendered":"<p>Cu inten\u021bia de a l\u0103sa o impresie durabil\u0103, m\u0103nu\u0219ile Andrew \u00eembin\u0103 stilul casual cu cel elegant. M\u0103nu\u0219ile Andrew sunt potrivite garderobei casual dar \u0219i celei formale. Cus\u0103turile atent realizate, \u00eempreun\u0103 cu detaliile de pe fa\u021ba m\u0103nu\u0219ii, confer\u0103 acesteia o not\u0103 modern\u0103. Aceast\u0103 pereche de m\u0103nu\u0219i , perfect\u0103 pentru a fi purtat\u0103 zilnic, este creat\u0103 pentru b\u0103rbatul modern.<\/p>\n","protected":false},"featured_media":1941,"template":"","meta":[],"product_cat":[124],"product_tag":[],"yoast_head":"<!-- This site is optimized with the Yoast SEO plugin v21.8 - https:\/\/yoast.com\/wordpress\/plugins\/seo\/ -->\n<title>Andrew - Cinque Amici<\/title>\n<meta name=\"description\" content=\"Andrew este o m\u0103nu\u0219\u0103 de piele pentru b\u0103rba\u021bi, perfect\u0103 at\u00e2t pentru \u021binutele casual, c\u00e2t \u0219i pentru cele formale. Pielea luxoas\u0103 cu c\u0103ptu\u0219eal\u0103 din ca\u0219mir o va face cel mai bun prieten al b\u0103rbatului modern.\" \/>\n<meta name=\"robots\" content=\"index, follow, max-snippet:-1, max-image-preview:large, max-video-preview:-1\" \/>\n<link rel=\"canonical\" href=\"https:\/\/www.cinqueamici.com\/ro\/barbati\/andrew\/\" \/>\n<meta property=\"og:locale\" content=\"ro_RO\" \/>\n<meta property=\"og:type\" content=\"article\" \/>\n<meta property=\"og:title\" content=\"Andrew - Cinque Amici\" \/>\n<meta property=\"og:description\" content=\"Andrew este o m\u0103nu\u0219\u0103 de piele pentru b\u0103rba\u021bi, perfect\u0103 at\u00e2t pentru \u021binutele casual, c\u00e2t \u0219i pentru cele formale. Pielea luxoas\u0103 cu c\u0103ptu\u0219eal\u0103 din ca\u0219mir o va face cel mai bun prieten al b\u0103rbatului modern.\" \/>\n<meta property=\"og:url\" content=\"https:\/\/www.cinqueamici.com\/ro\/barbati\/andrew\/\" \/>\n<meta property=\"og:site_name\" content=\"Cinque Amici\" \/>\n<meta property=\"article:modified_time\" content=\"2023-11-01T10:34:33+00:00\" \/>\n<meta property=\"og:image\" content=\"https:\/\/www.cinqueamici.com\/wp-content\/uploads\/2020\/09\/200801_cinque_amici_pack4864_andrew_black.jpg\" \/>\n\t<meta property=\"og:image:width\" content=\"1282\" \/>\n\t<meta property=\"og:image:height\" content=\"1920\" \/>\n\t<meta property=\"og:image:type\" content=\"image\/jpeg\" \/>\n<meta name=\"twitter:card\" content=\"summary_large_image\" \/>\n<script type=\"application\/ld+json\" class=\"yoast-schema-graph\">{\"@context\":\"https:\/\/schema.org\",\"@graph\":[{\"@type\":\"WebPage\",\"@id\":\"https:\/\/www.cinqueamici.com\/ro\/barbati\/andrew\/\",\"url\":\"https:\/\/www.cinqueamici.com\/ro\/barbati\/andrew\/\",\"name\":\"Andrew - Cinque Amici\",\"isPartOf\":{\"@id\":\"https:\/\/www.cinqueamici.com\/#website\"},\"datePublished\":\"2020-08-22T12:09:51+00:00\",\"dateModified\":\"2023-11-01T10:34:33+00:00\",\"description\":\"Andrew este o m\u0103nu\u0219\u0103 de piele pentru b\u0103rba\u021bi, perfect\u0103 at\u00e2t pentru \u021binutele casual, c\u00e2t \u0219i pentru cele formale. Pielea luxoas\u0103 cu c\u0103ptu\u0219eal\u0103 din ca\u0219mir o va face cel mai bun prieten al b\u0103rbatului modern.\",\"breadcrumb\":{\"@id\":\"https:\/\/www.cinqueamici.com\/ro\/barbati\/andrew\/#breadcrumb\"},\"inLanguage\":\"ro-RO\",\"potentialAction\":[{\"@type\":\"ReadAction\",\"target\":[\"https:\/\/www.cinqueamici.com\/ro\/barbati\/andrew\/\"]}]},{\"@type\":\"BreadcrumbList\",\"@id\":\"https:\/\/www.cinqueamici.com\/ro\/barbati\/andrew\/#breadcrumb\",\"itemListElement\":[{\"@type\":\"ListItem\",\"position\":1,\"name\":\"Home\",\"item\":\"https:\/\/www.cinqueamici.com\/ro\/\"},{\"@type\":\"ListItem\",\"position\":2,\"name\":\"Magazin\",\"item\":\"https:\/\/www.cinqueamici.com\/ro\/magazin\/\"},{\"@type\":\"ListItem\",\"position\":3,\"name\":\"Andrew\"}]},{\"@type\":\"WebSite\",\"@id\":\"https:\/\/www.cinqueamici.com\/#website\",\"url\":\"https:\/\/www.cinqueamici.com\/\",\"name\":\"Cinque Amici\",\"description\":\"Handcrafted, artisanal leather goods\",\"potentialAction\":[{\"@type\":\"SearchAction\",\"target\":{\"@type\":\"EntryPoint\",\"urlTemplate\":\"https:\/\/www.cinqueamici.com\/?s={search_term_string}\"},\"query-input\":\"required name=search_term_string\"}],\"inLanguage\":\"ro-RO\"}]}<\/script>\n<!-- \/ Yoast SEO plugin. -->","yoast_head_json":{"title":"Andrew - Cinque Amici","description":"Andrew este o m\u0103nu\u0219\u0103 de piele pentru b\u0103rba\u021bi, perfect\u0103 at\u00e2t pentru \u021binutele casual, c\u00e2t \u0219i pentru cele formale. Pielea luxoas\u0103 cu c\u0103ptu\u0219eal\u0103 din ca\u0219mir o va face cel mai bun prieten al b\u0103rbatului modern.","robots":{"index":"index","follow":"follow","max-snippet":"max-snippet:-1","max-image-preview":"max-image-preview:large","max-video-preview":"max-video-preview:-1"},"canonical":"https:\/\/www.cinqueamici.com\/ro\/barbati\/andrew\/","og_locale":"ro_RO","og_type":"article","og_title":"Andrew - Cinque Amici","og_description":"Andrew este o m\u0103nu\u0219\u0103 de piele pentru b\u0103rba\u021bi, perfect\u0103 at\u00e2t pentru \u021binutele casual, c\u00e2t \u0219i pentru cele formale. Pielea luxoas\u0103 cu c\u0103ptu\u0219eal\u0103 din ca\u0219mir o va face cel mai bun prieten al b\u0103rbatului modern.","og_url":"https:\/\/www.cinqueamici.com\/ro\/barbati\/andrew\/","og_site_name":"Cinque Amici","article_modified_time":"2023-11-01T10:34:33+00:00","og_image":[{"width":1282,"height":1920,"url":"https:\/\/www.cinqueamici.com\/wp-content\/uploads\/2020\/09\/200801_cinque_amici_pack4864_andrew_black.jpg","type":"image\/jpeg"}],"twitter_card":"summary_large_image","schema":{"@context":"https:\/\/schema.org","@graph":[{"@type":"WebPage","@id":"https:\/\/www.cinqueamici.com\/ro\/barbati\/andrew\/","url":"https:\/\/www.cinqueamici.com\/ro\/barbati\/andrew\/","name":"Andrew - Cinque Amici","isPartOf":{"@id":"https:\/\/www.cinqueamici.com\/#website"},"datePublished":"2020-08-22T12:09:51+00:00","dateModified":"2023-11-01T10:34:33+00:00","description":"Andrew este o m\u0103nu\u0219\u0103 de piele pentru b\u0103rba\u021bi, perfect\u0103 at\u00e2t pentru \u021binutele casual, c\u00e2t \u0219i pentru cele formale. Pielea luxoas\u0103 cu c\u0103ptu\u0219eal\u0103 din ca\u0219mir o va face cel mai bun prieten al b\u0103rbatului modern.","breadcrumb":{"@id":"https:\/\/www.cinqueamici.com\/ro\/barbati\/andrew\/#breadcrumb"},"inLanguage":"ro-RO","potentialAction":[{"@type":"ReadAction","target":["https:\/\/www.cinqueamici.com\/ro\/barbati\/andrew\/"]}]},{"@type":"BreadcrumbList","@id":"https:\/\/www.cinqueamici.com\/ro\/barbati\/andrew\/#breadcrumb","itemListElement":[{"@type":"ListItem","position":1,"name":"Home","item":"https:\/\/www.cinqueamici.com\/ro\/"},{"@type":"ListItem","position":2,"name":"Magazin","item":"https:\/\/www.cinqueamici.com\/ro\/magazin\/"},{"@type":"ListItem","position":3,"name":"Andrew"}]},{"@type":"WebSite","@id":"https:\/\/www.cinqueamici.com\/#website","url":"https:\/\/www.cinqueamici.com\/","name":"Cinque Amici","description":"Handcrafted, artisanal leather goods","potentialAction":[{"@type":"SearchAction","target":{"@type":"EntryPoint","urlTemplate":"https:\/\/www.cinqueamici.com\/?s={search_term_string}"},"query-input":"required name=search_term_string"}],"inLanguage":"ro-RO"}]}},"_links":{"self":[{"href":"https:\/\/www.cinqueamici.com\/ro\/wp-json\/wp\/v2\/product\/2163"}],"collection":[{"href":"https:\/\/www.cinqueamici.com\/ro\/wp-json\/wp\/v2\/product"}],"about":[{"href":"https:\/\/www.cinqueamici.com\/ro\/wp-json\/wp\/v2\/types\/product"}],"wp:featuredmedia":[{"embeddable":true,"href":"https:\/\/www.cinqueamici.com\/ro\/wp-json\/wp\/v2\/media\/1941"}],"wp:attachment":[{"href":"https:\/\/www.cinqueamici.com\/ro\/wp-json\/wp\/v2\/media?parent=2163"}],"wp:term":[{"taxonomy":"product_cat","embeddable":true,"href":"https:\/\/www.cinqueamici.com\/ro\/wp-json\/wp\/v2\/product_cat?post=2163"},{"taxonomy":"product_tag","embeddable":true,"href":"https:\/\/www.cinqueamici.com\/ro\/wp-json\/wp\/v2\/product_tag?post=2163"}],"curies":[{"name":"wp","href":"https:\/\/api.w.org\/{rel}","templated":true}]}}