{"id":2175,"date":"2020-08-21T18:31:00","date_gmt":"2020-08-21T18:31:00","guid":{"rendered":"https:\/\/www.cinqueamici.com\/fara-categorie\/klara\/"},"modified":"2024-08-09T12:38:47","modified_gmt":"2024-08-09T12:38:47","slug":"klara","status":"publish","type":"product","link":"https:\/\/www.cinqueamici.com\/ro\/femei\/klara\/","title":{"rendered":"Klara"},"content":{"rendered":"<ul>\n<li>Piele natural\u0103 de origine ovin\u0103<\/li>\n<li>Nec\u0103ptu\u0219ite<\/li>\n<li>\u00cenchidere cu buton cu caps\u0103<\/li>\n<\/ul>\n","protected":false},"excerpt":{"rendered":"<p>Indiferent dac\u0103 le purta\u021bi \u00een timp ce conduce\u021bi, v\u0103 plimba\u021bi sau pur \u0219i simplu le folosi\u021bi ca accesorii, m\u0103nu\u0219ile din piele Klara vor da mereu un plus de feminitate cu o not\u0103 sportiv\u0103 outfit-urilor purtate. Pielea moale ofer\u0103 o senza\u021bie u\u0219oar\u0103, cu mici decupaje \u00een jurul \u00eencheieturilor pentru un confort sporit . Aceast\u0103 frumoas\u0103 pereche de m\u0103nu\u0219i aduce at\u00e2t confort, c\u00e2t \u0219i elegan\u021b\u0103 contemporan\u0103 \u021binutelor dumneavoastr\u0103 de zi cu zi.<\/p>\n","protected":false},"featured_media":1957,"template":"","meta":[],"product_cat":[125],"product_tag":[],"yoast_head":"<!-- This site is optimized with the Yoast SEO plugin v21.8 - https:\/\/yoast.com\/wordpress\/plugins\/seo\/ -->\n<title>Klara - Cinque Amici<\/title>\n<meta name=\"description\" content=\"Klara este perechea ta de m\u0103nu\u0219i din piele, confortabil\u0103, feminin\u0103, dar \u0219i cu o not\u0103 u\u0219or sportiv\u0103. M\u0103nu\u0219i din piele pentru femei cu decupaje, ideale pentru uzul zilnic sau chiar pentru conducerea automobilului.\" \/>\n<meta name=\"robots\" content=\"index, follow, max-snippet:-1, max-image-preview:large, max-video-preview:-1\" \/>\n<link rel=\"canonical\" href=\"https:\/\/www.cinqueamici.com\/ro\/femei\/klara\/\" \/>\n<meta property=\"og:locale\" content=\"ro_RO\" \/>\n<meta property=\"og:type\" content=\"article\" \/>\n<meta property=\"og:title\" content=\"Klara - Cinque Amici\" \/>\n<meta property=\"og:description\" content=\"Klara este perechea ta de m\u0103nu\u0219i din piele, confortabil\u0103, feminin\u0103, dar \u0219i cu o not\u0103 u\u0219or sportiv\u0103. M\u0103nu\u0219i din piele pentru femei cu decupaje, ideale pentru uzul zilnic sau chiar pentru conducerea automobilului.\" \/>\n<meta property=\"og:url\" content=\"https:\/\/www.cinqueamici.com\/ro\/femei\/klara\/\" \/>\n<meta property=\"og:site_name\" content=\"Cinque Amici\" \/>\n<meta property=\"article:modified_time\" content=\"2024-08-09T12:38:47+00:00\" \/>\n<meta property=\"og:image\" content=\"https:\/\/www.cinqueamici.com\/wp-content\/uploads\/2020\/09\/200801_cinque_amici_pack4804_klara_creme.jpg\" \/>\n\t<meta property=\"og:image:width\" content=\"1282\" \/>\n\t<meta property=\"og:image:height\" content=\"1920\" \/>\n\t<meta property=\"og:image:type\" content=\"image\/jpeg\" \/>\n<meta name=\"twitter:card\" content=\"summary_large_image\" \/>\n<meta name=\"twitter:label1\" content=\"Timp estimat pentru citire\" \/>\n\t<meta name=\"twitter:data1\" content=\"1 minut\" \/>\n<script type=\"application\/ld+json\" class=\"yoast-schema-graph\">{\"@context\":\"https:\/\/schema.org\",\"@graph\":[{\"@type\":\"WebPage\",\"@id\":\"https:\/\/www.cinqueamici.com\/ro\/femei\/klara\/\",\"url\":\"https:\/\/www.cinqueamici.com\/ro\/femei\/klara\/\",\"name\":\"Klara - Cinque Amici\",\"isPartOf\":{\"@id\":\"https:\/\/www.cinqueamici.com\/#website\"},\"datePublished\":\"2020-08-21T18:31:00+00:00\",\"dateModified\":\"2024-08-09T12:38:47+00:00\",\"description\":\"Klara este perechea ta de m\u0103nu\u0219i din piele, confortabil\u0103, feminin\u0103, dar \u0219i cu o not\u0103 u\u0219or sportiv\u0103. M\u0103nu\u0219i din piele pentru femei cu decupaje, ideale pentru uzul zilnic sau chiar pentru conducerea automobilului.\",\"breadcrumb\":{\"@id\":\"https:\/\/www.cinqueamici.com\/ro\/femei\/klara\/#breadcrumb\"},\"inLanguage\":\"ro-RO\",\"potentialAction\":[{\"@type\":\"ReadAction\",\"target\":[\"https:\/\/www.cinqueamici.com\/ro\/femei\/klara\/\"]}]},{\"@type\":\"BreadcrumbList\",\"@id\":\"https:\/\/www.cinqueamici.com\/ro\/femei\/klara\/#breadcrumb\",\"itemListElement\":[{\"@type\":\"ListItem\",\"position\":1,\"name\":\"Home\",\"item\":\"https:\/\/www.cinqueamici.com\/ro\/\"},{\"@type\":\"ListItem\",\"position\":2,\"name\":\"Magazin\",\"item\":\"https:\/\/www.cinqueamici.com\/ro\/magazin\/\"},{\"@type\":\"ListItem\",\"position\":3,\"name\":\"Klara\"}]},{\"@type\":\"WebSite\",\"@id\":\"https:\/\/www.cinqueamici.com\/#website\",\"url\":\"https:\/\/www.cinqueamici.com\/\",\"name\":\"Cinque Amici\",\"description\":\"Handcrafted, artisanal leather goods\",\"potentialAction\":[{\"@type\":\"SearchAction\",\"target\":{\"@type\":\"EntryPoint\",\"urlTemplate\":\"https:\/\/www.cinqueamici.com\/?s={search_term_string}\"},\"query-input\":\"required name=search_term_string\"}],\"inLanguage\":\"ro-RO\"}]}<\/script>\n<!-- \/ Yoast SEO plugin. -->","yoast_head_json":{"title":"Klara - Cinque Amici","description":"Klara este perechea ta de m\u0103nu\u0219i din piele, confortabil\u0103, feminin\u0103, dar \u0219i cu o not\u0103 u\u0219or sportiv\u0103. M\u0103nu\u0219i din piele pentru femei cu decupaje, ideale pentru uzul zilnic sau chiar pentru conducerea automobilului.","robots":{"index":"index","follow":"follow","max-snippet":"max-snippet:-1","max-image-preview":"max-image-preview:large","max-video-preview":"max-video-preview:-1"},"canonical":"https:\/\/www.cinqueamici.com\/ro\/femei\/klara\/","og_locale":"ro_RO","og_type":"article","og_title":"Klara - Cinque Amici","og_description":"Klara este perechea ta de m\u0103nu\u0219i din piele, confortabil\u0103, feminin\u0103, dar \u0219i cu o not\u0103 u\u0219or sportiv\u0103. M\u0103nu\u0219i din piele pentru femei cu decupaje, ideale pentru uzul zilnic sau chiar pentru conducerea automobilului.","og_url":"https:\/\/www.cinqueamici.com\/ro\/femei\/klara\/","og_site_name":"Cinque Amici","article_modified_time":"2024-08-09T12:38:47+00:00","og_image":[{"width":1282,"height":1920,"url":"https:\/\/www.cinqueamici.com\/wp-content\/uploads\/2020\/09\/200801_cinque_amici_pack4804_klara_creme.jpg","type":"image\/jpeg"}],"twitter_card":"summary_large_image","twitter_misc":{"Timp estimat pentru citire":"1 minut"},"schema":{"@context":"https:\/\/schema.org","@graph":[{"@type":"WebPage","@id":"https:\/\/www.cinqueamici.com\/ro\/femei\/klara\/","url":"https:\/\/www.cinqueamici.com\/ro\/femei\/klara\/","name":"Klara - Cinque Amici","isPartOf":{"@id":"https:\/\/www.cinqueamici.com\/#website"},"datePublished":"2020-08-21T18:31:00+00:00","dateModified":"2024-08-09T12:38:47+00:00","description":"Klara este perechea ta de m\u0103nu\u0219i din piele, confortabil\u0103, feminin\u0103, dar \u0219i cu o not\u0103 u\u0219or sportiv\u0103. M\u0103nu\u0219i din piele pentru femei cu decupaje, ideale pentru uzul zilnic sau chiar pentru conducerea automobilului.","breadcrumb":{"@id":"https:\/\/www.cinqueamici.com\/ro\/femei\/klara\/#breadcrumb"},"inLanguage":"ro-RO","potentialAction":[{"@type":"ReadAction","target":["https:\/\/www.cinqueamici.com\/ro\/femei\/klara\/"]}]},{"@type":"BreadcrumbList","@id":"https:\/\/www.cinqueamici.com\/ro\/femei\/klara\/#breadcrumb","itemListElement":[{"@type":"ListItem","position":1,"name":"Home","item":"https:\/\/www.cinqueamici.com\/ro\/"},{"@type":"ListItem","position":2,"name":"Magazin","item":"https:\/\/www.cinqueamici.com\/ro\/magazin\/"},{"@type":"ListItem","position":3,"name":"Klara"}]},{"@type":"WebSite","@id":"https:\/\/www.cinqueamici.com\/#website","url":"https:\/\/www.cinqueamici.com\/","name":"Cinque Amici","description":"Handcrafted, artisanal leather goods","potentialAction":[{"@type":"SearchAction","target":{"@type":"EntryPoint","urlTemplate":"https:\/\/www.cinqueamici.com\/?s={search_term_string}"},"query-input":"required name=search_term_string"}],"inLanguage":"ro-RO"}]}},"_links":{"self":[{"href":"https:\/\/www.cinqueamici.com\/ro\/wp-json\/wp\/v2\/product\/2175"}],"collection":[{"href":"https:\/\/www.cinqueamici.com\/ro\/wp-json\/wp\/v2\/product"}],"about":[{"href":"https:\/\/www.cinqueamici.com\/ro\/wp-json\/wp\/v2\/types\/product"}],"wp:featuredmedia":[{"embeddable":true,"href":"https:\/\/www.cinqueamici.com\/ro\/wp-json\/wp\/v2\/media\/1957"}],"wp:attachment":[{"href":"https:\/\/www.cinqueamici.com\/ro\/wp-json\/wp\/v2\/media?parent=2175"}],"wp:term":[{"taxonomy":"product_cat","embeddable":true,"href":"https:\/\/www.cinqueamici.com\/ro\/wp-json\/wp\/v2\/product_cat?post=2175"},{"taxonomy":"product_tag","embeddable":true,"href":"https:\/\/www.cinqueamici.com\/ro\/wp-json\/wp\/v2\/product_tag?post=2175"}],"curies":[{"name":"wp","href":"https:\/\/api.w.org\/{rel}","templated":true}]}}