{"id":2188,"date":"2020-08-21T18:29:46","date_gmt":"2020-08-21T18:29:46","guid":{"rendered":"https:\/\/www.cinqueamici.com\/fara-categorie\/nora\/"},"modified":"2023-11-01T10:36:06","modified_gmt":"2023-11-01T10:36:06","slug":"nora","status":"publish","type":"product","link":"https:\/\/www.cinqueamici.com\/ro\/femei\/nora\/","title":{"rendered":"Nora"},"content":{"rendered":"<ul>\n<li>Piele natural\u0103 de origine ovin\u0103<\/li>\n<li>C\u0103ptu\u0219eal\u0103 din m\u0103tase pur\u0103<\/li>\n<\/ul>\n","protected":false},"excerpt":{"rendered":"<p>\u00cen cea mai pur\u0103 form\u0103 a elegan\u021bei clasice, m\u0103nu\u0219ile din piele Nora radiaz\u0103 datorit\u0103 simplit\u0103\u021bii lor absolute, realizate cu cea mai bun\u0103 tehnic\u0103 de croire \u0219i aten\u021bie la detalii. Confec\u021bionate din piele natural\u0103 \u0219i c\u0103ptu\u0219ite cu m\u0103tase, textura lor delicat\u0103 v\u0103 va \u00eenv\u0103lui \u00een lux \u0219i confort. Datorit\u0103 cus\u0103turilor rafinate din interiorul pielii, m\u0103nu\u0219ile Nora aduc un plus de elegan\u021b\u0103 oric\u0103rei \u021binute.<\/p>\n","protected":false},"featured_media":1983,"template":"","meta":[],"product_cat":[125],"product_tag":[],"yoast_head":"<!-- This site is optimized with the Yoast SEO plugin v21.8 - https:\/\/yoast.com\/wordpress\/plugins\/seo\/ -->\n<title>Nora - Cinque Amici<\/title>\n<meta name=\"description\" content=\"M\u0103nu\u0219ile de piele pentru femei Nora promoveaz\u0103 elegan\u021ba prin simplitate. Aceste m\u0103nu\u0219i sub\u021biri din piele cu c\u0103ptu\u0219eal\u0103 luxoas\u0103 din m\u0103tase creeaz\u0103 o apari\u021bie impecabil\u0103 la orice ocazie.\" \/>\n<meta name=\"robots\" content=\"index, follow, max-snippet:-1, max-image-preview:large, max-video-preview:-1\" \/>\n<link rel=\"canonical\" href=\"https:\/\/www.cinqueamici.com\/ro\/femei\/nora\/\" \/>\n<meta property=\"og:locale\" content=\"ro_RO\" \/>\n<meta property=\"og:type\" content=\"article\" \/>\n<meta property=\"og:title\" content=\"Nora - Cinque Amici\" \/>\n<meta property=\"og:description\" content=\"M\u0103nu\u0219ile de piele pentru femei Nora promoveaz\u0103 elegan\u021ba prin simplitate. Aceste m\u0103nu\u0219i sub\u021biri din piele cu c\u0103ptu\u0219eal\u0103 luxoas\u0103 din m\u0103tase creeaz\u0103 o apari\u021bie impecabil\u0103 la orice ocazie.\" \/>\n<meta property=\"og:url\" content=\"https:\/\/www.cinqueamici.com\/ro\/femei\/nora\/\" \/>\n<meta property=\"og:site_name\" content=\"Cinque Amici\" \/>\n<meta property=\"article:modified_time\" content=\"2023-11-01T10:36:06+00:00\" \/>\n<meta property=\"og:image\" content=\"https:\/\/www.cinqueamici.com\/wp-content\/uploads\/2020\/09\/200801_cinque_amici_pack4669_nora_pesca.jpg\" \/>\n\t<meta property=\"og:image:width\" content=\"1282\" \/>\n\t<meta property=\"og:image:height\" content=\"1920\" \/>\n\t<meta property=\"og:image:type\" content=\"image\/jpeg\" \/>\n<meta name=\"twitter:card\" content=\"summary_large_image\" \/>\n<script type=\"application\/ld+json\" class=\"yoast-schema-graph\">{\"@context\":\"https:\/\/schema.org\",\"@graph\":[{\"@type\":\"WebPage\",\"@id\":\"https:\/\/www.cinqueamici.com\/ro\/femei\/nora\/\",\"url\":\"https:\/\/www.cinqueamici.com\/ro\/femei\/nora\/\",\"name\":\"Nora - Cinque Amici\",\"isPartOf\":{\"@id\":\"https:\/\/www.cinqueamici.com\/#website\"},\"datePublished\":\"2020-08-21T18:29:46+00:00\",\"dateModified\":\"2023-11-01T10:36:06+00:00\",\"description\":\"M\u0103nu\u0219ile de piele pentru femei Nora promoveaz\u0103 elegan\u021ba prin simplitate. Aceste m\u0103nu\u0219i sub\u021biri din piele cu c\u0103ptu\u0219eal\u0103 luxoas\u0103 din m\u0103tase creeaz\u0103 o apari\u021bie impecabil\u0103 la orice ocazie.\",\"breadcrumb\":{\"@id\":\"https:\/\/www.cinqueamici.com\/ro\/femei\/nora\/#breadcrumb\"},\"inLanguage\":\"ro-RO\",\"potentialAction\":[{\"@type\":\"ReadAction\",\"target\":[\"https:\/\/www.cinqueamici.com\/ro\/femei\/nora\/\"]}]},{\"@type\":\"BreadcrumbList\",\"@id\":\"https:\/\/www.cinqueamici.com\/ro\/femei\/nora\/#breadcrumb\",\"itemListElement\":[{\"@type\":\"ListItem\",\"position\":1,\"name\":\"Home\",\"item\":\"https:\/\/www.cinqueamici.com\/ro\/\"},{\"@type\":\"ListItem\",\"position\":2,\"name\":\"Magazin\",\"item\":\"https:\/\/www.cinqueamici.com\/ro\/magazin\/\"},{\"@type\":\"ListItem\",\"position\":3,\"name\":\"Nora\"}]},{\"@type\":\"WebSite\",\"@id\":\"https:\/\/www.cinqueamici.com\/#website\",\"url\":\"https:\/\/www.cinqueamici.com\/\",\"name\":\"Cinque Amici\",\"description\":\"Handcrafted, artisanal leather goods\",\"potentialAction\":[{\"@type\":\"SearchAction\",\"target\":{\"@type\":\"EntryPoint\",\"urlTemplate\":\"https:\/\/www.cinqueamici.com\/?s={search_term_string}\"},\"query-input\":\"required name=search_term_string\"}],\"inLanguage\":\"ro-RO\"}]}<\/script>\n<!-- \/ Yoast SEO plugin. -->","yoast_head_json":{"title":"Nora - Cinque Amici","description":"M\u0103nu\u0219ile de piele pentru femei Nora promoveaz\u0103 elegan\u021ba prin simplitate. Aceste m\u0103nu\u0219i sub\u021biri din piele cu c\u0103ptu\u0219eal\u0103 luxoas\u0103 din m\u0103tase creeaz\u0103 o apari\u021bie impecabil\u0103 la orice ocazie.","robots":{"index":"index","follow":"follow","max-snippet":"max-snippet:-1","max-image-preview":"max-image-preview:large","max-video-preview":"max-video-preview:-1"},"canonical":"https:\/\/www.cinqueamici.com\/ro\/femei\/nora\/","og_locale":"ro_RO","og_type":"article","og_title":"Nora - Cinque Amici","og_description":"M\u0103nu\u0219ile de piele pentru femei Nora promoveaz\u0103 elegan\u021ba prin simplitate. Aceste m\u0103nu\u0219i sub\u021biri din piele cu c\u0103ptu\u0219eal\u0103 luxoas\u0103 din m\u0103tase creeaz\u0103 o apari\u021bie impecabil\u0103 la orice ocazie.","og_url":"https:\/\/www.cinqueamici.com\/ro\/femei\/nora\/","og_site_name":"Cinque Amici","article_modified_time":"2023-11-01T10:36:06+00:00","og_image":[{"width":1282,"height":1920,"url":"https:\/\/www.cinqueamici.com\/wp-content\/uploads\/2020\/09\/200801_cinque_amici_pack4669_nora_pesca.jpg","type":"image\/jpeg"}],"twitter_card":"summary_large_image","schema":{"@context":"https:\/\/schema.org","@graph":[{"@type":"WebPage","@id":"https:\/\/www.cinqueamici.com\/ro\/femei\/nora\/","url":"https:\/\/www.cinqueamici.com\/ro\/femei\/nora\/","name":"Nora - Cinque Amici","isPartOf":{"@id":"https:\/\/www.cinqueamici.com\/#website"},"datePublished":"2020-08-21T18:29:46+00:00","dateModified":"2023-11-01T10:36:06+00:00","description":"M\u0103nu\u0219ile de piele pentru femei Nora promoveaz\u0103 elegan\u021ba prin simplitate. Aceste m\u0103nu\u0219i sub\u021biri din piele cu c\u0103ptu\u0219eal\u0103 luxoas\u0103 din m\u0103tase creeaz\u0103 o apari\u021bie impecabil\u0103 la orice ocazie.","breadcrumb":{"@id":"https:\/\/www.cinqueamici.com\/ro\/femei\/nora\/#breadcrumb"},"inLanguage":"ro-RO","potentialAction":[{"@type":"ReadAction","target":["https:\/\/www.cinqueamici.com\/ro\/femei\/nora\/"]}]},{"@type":"BreadcrumbList","@id":"https:\/\/www.cinqueamici.com\/ro\/femei\/nora\/#breadcrumb","itemListElement":[{"@type":"ListItem","position":1,"name":"Home","item":"https:\/\/www.cinqueamici.com\/ro\/"},{"@type":"ListItem","position":2,"name":"Magazin","item":"https:\/\/www.cinqueamici.com\/ro\/magazin\/"},{"@type":"ListItem","position":3,"name":"Nora"}]},{"@type":"WebSite","@id":"https:\/\/www.cinqueamici.com\/#website","url":"https:\/\/www.cinqueamici.com\/","name":"Cinque Amici","description":"Handcrafted, artisanal leather goods","potentialAction":[{"@type":"SearchAction","target":{"@type":"EntryPoint","urlTemplate":"https:\/\/www.cinqueamici.com\/?s={search_term_string}"},"query-input":"required name=search_term_string"}],"inLanguage":"ro-RO"}]}},"_links":{"self":[{"href":"https:\/\/www.cinqueamici.com\/ro\/wp-json\/wp\/v2\/product\/2188"}],"collection":[{"href":"https:\/\/www.cinqueamici.com\/ro\/wp-json\/wp\/v2\/product"}],"about":[{"href":"https:\/\/www.cinqueamici.com\/ro\/wp-json\/wp\/v2\/types\/product"}],"wp:featuredmedia":[{"embeddable":true,"href":"https:\/\/www.cinqueamici.com\/ro\/wp-json\/wp\/v2\/media\/1983"}],"wp:attachment":[{"href":"https:\/\/www.cinqueamici.com\/ro\/wp-json\/wp\/v2\/media?parent=2188"}],"wp:term":[{"taxonomy":"product_cat","embeddable":true,"href":"https:\/\/www.cinqueamici.com\/ro\/wp-json\/wp\/v2\/product_cat?post=2188"},{"taxonomy":"product_tag","embeddable":true,"href":"https:\/\/www.cinqueamici.com\/ro\/wp-json\/wp\/v2\/product_tag?post=2188"}],"curies":[{"name":"wp","href":"https:\/\/api.w.org\/{rel}","templated":true}]}}